{"id":984,"date":"2023-06-24T11:55:22","date_gmt":"2023-06-24T11:55:22","guid":{"rendered":"https:\/\/siv.agentweb.ro\/?page_id=984"},"modified":"2023-06-24T11:56:11","modified_gmt":"2023-06-24T11:56:11","slug":"politica-de-cookies","status":"publish","type":"page","link":"https:\/\/www.sivelectro.ro\/en\/politica-de-cookies\/","title":{"rendered":"Cookies policy"},"content":{"rendered":"<div data-elementor-type=\"wp-page\" data-elementor-id=\"984\" class=\"elementor elementor-984\">\n\t\t\t\t\t\t<section class=\"elementor-section elementor-top-section elementor-element elementor-element-51774bf elementor-section-boxed elementor-section-height-default elementor-section-height-default\" data-id=\"51774bf\" data-element_type=\"section\" data-e-type=\"section\">\n\t\t\t\t\t\t<div class=\"elementor-container elementor-column-gap-default\">\n\t\t\t\t\t<div class=\"elementor-column elementor-col-100 elementor-top-column elementor-element elementor-element-d89e773\" data-id=\"d89e773\" data-element_type=\"column\" data-e-type=\"column\">\n\t\t\t<div class=\"elementor-widget-wrap elementor-element-populated\">\n\t\t\t\t\t\t<div class=\"elementor-element elementor-element-f59ef12 elementor-widget elementor-widget-text-editor\" data-id=\"f59ef12\" data-element_type=\"widget\" data-e-type=\"widget\" data-widget_type=\"text-editor.default\">\n\t\t\t\t<div class=\"elementor-widget-container\">\n\t\t\t\t\t\t\t\t\t<p><strong><em>Ce sunt Cookie-urile?<\/em><\/strong><\/p>\n<p>Acest site utilizeaz\u0103 module cookie (fi\u0219iere mici care sunt desc\u0103rcate pe computer \/telefon\/tableta\/device, cu scopul de a v\u0103 &icirc;mbun\u0103t\u0103\u021bi experien\u021ba). Aceast\u0103 pagin\u0103 descrie informa\u021biile pe care le colecteaz\u0103, modul &icirc;n care o folosim \u0219i de ce uneori trebuie s\u0103 stoc\u0103m aceste cookie-uri. Vom specifica, de asemenea, modul &icirc;n care pute\u021bi &icirc;mpiedica stocarea acestor cookie-uri, &icirc;ns\u0103, aceast\u0103 ac\u021biune poate diminua anumite elemente ale func\u021bionalit\u0103\u021bii site-ului.<\/p>\n<p><strong>Cum utiliz\u0103m Cookie-urile?<\/strong><\/p>\n<p>Folosim informa\u021bia generat\u0103 de cookies pentru diverse motive detaliate &icirc;n paragrafele de mai jos. Din p\u0103cate, &icirc;n majoritatea cazurilor, nu exist\u0103 op\u021biuni standard pentru dezactivarea cookie-urilor f\u0103r\u0103 a dezactiva complet func\u021bionalit\u0103\u021bile \u0219i func\u021biile pe care acestea le adaug\u0103 pe site-ul nostru. Este recomandat s\u0103 l\u0103sa\u021bi toate cookie-urile active, chiar dac\u0103 nu sunte\u021bi siguri c\u0103 ave\u021bi nevoie de ele, pentru c\u0103 acestea ar putea fi utilizate pentru a furniza un serviciu pe care &icirc;l utiliza\u021bi.<\/p>\n<p><strong>Dezactivarea modulelor Cookie<\/strong><\/p>\n<p>Po\u021bi preveni setarea cookie-urilor prin ajustarea set\u0103rilor din browser-ul t\u0103u. (consult\u0103 asisten\u021ba browser-ului t\u0103u pentru a face acest lucru). Re\u021bine c\u0103 dezactivarea cookie-urilor va afecta func\u021bionalitatea acestui site \u0219i multe alte site-uri pe care le vizitezi. Dezactivarea cookie-urilor va duce, de obicei, la dezactivarea anumitor func\u021bionalit\u0103\u021bi ale acestui site. Prin urmare, este recomandat s\u0103 nu dezactiva\u021bi modulele cookie.<\/p>\n<p><strong>Controlul cookie-urilor<\/strong><\/p>\n<p>Modul de utilizare a cookie-urilor se poate controla din Browser-ul pe care &icirc;l folosi\u021bi.<\/p>\n<p><strong>Google Chrome<\/strong><\/p>\n<ul>\n<li>Apasa\u021bi butonul de meniu. Aceasta se poate g\u0103si &icirc;n partea dreapt\u0103 (sus) a ferestrei browser-ului.<\/li>\n<li>Selecta\u021bi sec\u021biunea &bdquo;Set\u0103ri&rdquo;<\/li>\n<li>Selecta\u021bi &bdquo;Arat\u0103 set\u0103ri avansate&rdquo;<\/li>\n<li>Accesa\u021bi sec\u021biunea &bdquo;Protec\u021bia datelor&rdquo;, iar apoi selecta\u021bi &bdquo;Set\u0103ri de con\u021binut&rdquo;<\/li>\n<li>Aici, ve\u021bi reg\u0103si\u021bi sec\u021biunea &bdquo;Permite\u021bi setarea datelor locale&rdquo;<\/li>\n<li>Dac\u0103 dori\u021bi s\u0103 afla\u021bi cum s\u0103 opri\u021bi site-urile web s\u0103 utilizeze cookie-uri pentru a-\u0219i aminti ce site-uri vizita\u021bi, accesa\u021bi acest link:&nbsp;<em><u><a href=\"https:\/\/support.google.com\/chrome\/answer\/95647?hl=en-GB\">https:\/\/support.google.com\/chrome\/answer\/95647?hl=en<\/a><\/u><\/em><a href=\"https:\/\/support.google.com\/chrome\/answer\/95647?hl=en-GB\"><em>&ndash;<\/em><\/a><a href=\"https:\/\/support.google.com\/chrome\/answer\/95647?hl=en-GB\"><em>GB<\/em><\/a><\/li>\n<\/ul>\n<p><strong>Mozilla Firefox<\/strong><\/p>\n<ul>\n<li>Apasa\u021bi butonul de meniu. Aceasta se poate g\u0103si &icirc;n partea dreapt\u0103 (sus) a ferestrei browser-ului.<\/li>\n<li>Selecta\u021bi sec\u021biunea &bdquo;Op\u021biuni&rdquo;<\/li>\n<li>Selecta\u021bi pictograma &bdquo;Protec\u021bia datelor&rdquo;<\/li>\n<li>Selecta\u021bi op\u021biunea &ldquo;Cookie-uri&rdquo;<\/li>\n<li>Aici, ve\u021bi reg\u0103si\u021bi sec\u021biunea &bdquo;Permite\u021bi site-urilor s\u0103 seteze cookie-uri&rdquo;<\/li>\n<li>Dac\u0103 dori\u021bi s\u0103 afla\u021bi cum s\u0103 opri\u021bi site-urile web s\u0103 utilizeze cookie-uri pentru a-\u0219i aminti ce site-uri vizita\u021bi, accesa\u021bi acest link:&nbsp;<em><u><a href=\"https:\/\/support.mozilla.org\/en-US\/kb\/how-do-i-turn-do-not-track-feature\">https:\/\/support.mozilla.org\/en<\/a><\/u><\/em><a href=\"https:\/\/support.mozilla.org\/en-US\/kb\/how-do-i-turn-do-not-track-feature\"><em>US\/kb\/how<\/em><\/a><a href=\"https:\/\/support.mozilla.org\/en-US\/kb\/how-do-i-turn-do-not-track-feature\"><em>&ndash;<\/em><\/a><a href=\"https:\/\/support.mozilla.org\/en-US\/kb\/how-do-i-turn-do-not-track-feature\"><em>do<\/em><\/a><a href=\"https:\/\/support.mozilla.org\/en-US\/kb\/how-do-i-turn-do-not-track-feature\"><em>&ndash;<\/em><\/a><a href=\"https:\/\/support.mozilla.org\/en-US\/kb\/how-do-i-turn-do-not-track-feature\"><em>i<\/em><\/a><a href=\"https:\/\/support.mozilla.org\/en-US\/kb\/how-do-i-turn-do-not-track-feature\"><em>&ndash;<\/em><\/a><a href=\"https:\/\/support.mozilla.org\/en-US\/kb\/how-do-i-turn-do-not-track-feature\"><em>turn<\/em><\/a><a href=\"https:\/\/support.mozilla.org\/en-US\/kb\/how-do-i-turn-do-not-track-feature\"><em>&ndash;<\/em><\/a><a href=\"https:\/\/support.mozilla.org\/en-US\/kb\/how-do-i-turn-do-not-track-feature\"><em>do<\/em><\/a><a href=\"https:\/\/support.mozilla.org\/en-US\/kb\/how-do-i-turn-do-not-track-feature\"><em>&ndash;<\/em><\/a><a href=\"https:\/\/support.mozilla.org\/en-US\/kb\/how-do-i-turn-do-not-track-feature\"><em>not<\/em><\/a><a href=\"https:\/\/support.mozilla.org\/en-US\/kb\/how-do-i-turn-do-not-track-feature\"><em>&ndash;<\/em><\/a><a href=\"https:\/\/support.mozilla.org\/en-US\/kb\/how-do-i-turn-do-not-track-feature\"><em>track<\/em><\/a><a href=\"https:\/\/support.mozilla.org\/en-US\/kb\/how-do-i-turn-do-not-track-feature\"><em>&ndash;<\/em><\/a><a href=\"https:\/\/support.mozilla.org\/en-US\/kb\/how-do-i-turn-do-not-track-feature\"><em>feature<\/em><\/a><\/li>\n<\/ul>\n<p><strong>Microsoft <\/strong><strong>EDGE<\/strong><\/p>\n<ul>\n<li>Apasa\u021bi pictograma &bdquo;Set\u0103ri&rdquo; (simbolul roat\u0103 din\u021bat\u0103). Aceasta se poate g\u0103si &icirc;n partea dreapt\u0103 (sus) a ferestrei<\/li>\n<li>Accesa\u021bi &bdquo;Op\u021biuni internet&rdquo;<\/li>\n<li>Click pe sec\u021biunea &bdquo;Protec\u021bia datelor&rdquo;<\/li>\n<li>Seta\u021bi nivelul de protec\u021bie a datelor pe &ldquo;Mediu&rdquo;, sau mai mic<\/li>\n<li>Dac\u0103 dori\u021bi s\u0103 afla\u021bi cum s\u0103 opri\u021bi site-urile web s\u0103 utilizeze cookie-uri pentru a-\u0219i aminti ce site-uri vizita\u021bi, accesa\u021bi acest link:&nbsp;<a href=\"https:\/\/support.microsoft.com\/ro-ro\/microsoft-edge\/loca%C8%9Bie-%C8%99i-confiden%C8%9Bialitate-%C3%AEn-microsoft-edge-31b5d154-0b1b-90ef-e389-7c7d4ffe7b04\">https:\/\/support.microsoft.com\/ro-ro\/microsoft-edge\/loca%C8%9Bie-%C8%99i-confiden%C8%9Bialitate-%C3%AEn-microsoft-edge-31b5d154-0b1b-90ef-e389-7c7d4ffe7b04<\/a><\/li>\n<\/ul>\n<p><strong>Opera<\/strong><\/p>\n<ul>\n<li>Click pe &ldquo;Tools&rdquo; din bara de menu<\/li>\n<li>Click pe sec\u021biunea &ldquo;Preferences&rdquo;<\/li>\n<li>Deschide\u021bi tab-ul &ldquo;Advances&rdquo;<\/li>\n<li>Click pe &ldquo;Cookies&rdquo;<\/li>\n<li>Dac\u0103 dori\u021bi s\u0103 afla\u021bi cum s\u0103 opri\u021bi site-urile web s\u0103 utilizeze cookie-uri pentru a-\u0219i aminti ce site-uri vizita\u021bi, accesa\u021bi acest link:&nbsp;<em><u><a href=\"https:\/\/www.opera.com\/help\/tutorials\/security\/privacy\/\">https:\/\/www.opera.com\/help\/tutorials\/security\/privacy\/<\/a><\/u><\/em><\/li>\n<\/ul>\n<p><strong>Safari pe OX X<\/strong><\/p>\n<ul>\n<li>Click pe &bdquo;Safari&rdquo; (dreapta sus)<\/li>\n<li>Selecta\u021bi op\u021biunea &bdquo;Preferin\u021be&rdquo;<\/li>\n<li>Accesa\u021bi &bdquo;Protec\u021bia datelor&rdquo;<\/li>\n<li>Selecta\u021bi &bdquo;Permite\u021bi de la site-urile web pe care le vizitez&rdquo;<\/li>\n<li>Dac\u0103 dori\u021bi s\u0103 afla\u021bi cum s\u0103 opri\u021bi site-urile web s\u0103 utilizeze cookie-uri pentru a-\u0219i aminti ce site-uri vizita\u021bi, accesa\u021bi acest link:&nbsp;<em><u><a href=\"https:\/\/support.apple.com\/kb\/PH19214?viewlocale=en_US&amp;locale=en_US\">https:\/\/support.apple.com\/kb\/PH19214?viewlocale=en_US&amp;locale=en_US<\/a><\/u><\/em><\/li>\n<\/ul>\n<p>Tipurile de Cookie-uri utilizate<\/p>\n<p><strong>Cookie-uri de e-mail marketing<\/strong><\/p>\n<p>Acest site poate oferi servicii de abonare la newsletter, iar modulele cookie pot fi folosite pentru a v\u0103 reaminti dac\u0103 sunte\u021bi deja &icirc;nregistrat \u0219i dac\u0103 dori\u021bi s\u0103 afi\u0219eze anumite notific\u0103ri care ar putea fi valide doar dac\u0103 e\u0219ti abonat la newsletter.<\/p>\n<p><strong>Cookie-uri asociate complet\u0103rii unui formular<\/strong><\/p>\n<p>C&acirc;nd trimi\u021be\u021bi date c\u0103tre un formular sau formulare de comentarii, modulele cookie pot fi setate pentru a v\u0103 aminti detaliile dumneavoastr\u0103 pentru o coresponden\u021b\u0103 viitoare.<\/p>\n<p><strong>Cookie-uri ter\u021b\u0103 parte<\/strong><\/p>\n<p>&Icirc;n unele cazuri speciale folosim, de asemenea, cookie-uri furnizate de ter\u021be p\u0103r\u021bi de &icirc;ncredere. Urm\u0103toarea sec\u021biune detaliaz\u0103 care sunt cookie-urile ter\u021b\u0103 parte pe care le-a\u021bi putea &icirc;nt&acirc;lni prin acest site.<\/p>\n<p>Acest site utilizeaz\u0103 Google Analytics, una dintre cele mai r\u0103sp&acirc;ndite \u0219i mai sigure solu\u021bii de analiz\u0103 de pe web, pentru a ne ajuta s\u0103 &icirc;n\u021belegem modul &icirc;n care utiliza\u021bi site-ul \u0219i modalit\u0103\u021bile prin care v\u0103 putem &icirc;mbun\u0103t\u0103\u021bi experien\u021ba. Aceste cookie-uri pot urm\u0103ri lucruri precum durata petrecut\u0103 pe site \u0219i paginile pe care le vizita\u021bi, astfel &icirc;nc&acirc;t s\u0103 putem realiza con\u021binut interesant \u0219i relevant.<\/p>\n<p>Pentru mai multe informa\u021bii despre cookie-urile Google Analytics, consulta\u021bi pagina oficial\u0103 Google Analytics sau acceseaz\u0103 acest link: <a href=\"https:\/\/developers.google.com\/analytics\/devguides\/collection\/analyticsjs\/cookie-usage\"><em>https:\/\/developers.google.com\/analytics\/devguides\/collection\/analyticsjs\/cookie<\/em><\/a><a href=\"https:\/\/developers.google.com\/analytics\/devguides\/collection\/analyticsjs\/cookie-usage\"><em>&ndash;<\/em><\/a><a href=\"https:\/\/developers.google.com\/analytics\/devguides\/collection\/analyticsjs\/cookie-usage\"><em>usage<\/em><\/a><\/p>\n<p>Anali\u0219tii ter\u021b\u0103 parte sunt utiliza\u021bi pentru a urm\u0103ri \u0219i m\u0103sura utilizarea acestui site, astfel &icirc;nc&acirc;t s\u0103 putem continua s\u0103 realiza con\u021binut relevant. Aceste cookie-uri pot urm\u0103ri lucruri precum durata petrecut\u0103 pe site sau paginile pe care le vizita\u021bi, ceea ce ne ajut\u0103 s\u0103 &icirc;n\u021belegem cum putem &icirc;mbun\u0103t\u0103\u021bi experien\u021ba dumnevoastr\u0103.<\/p>\n<p>&Icirc;n unele cazuri, &icirc;ncerc\u0103m noi caracteristici \u0219i facem modific\u0103ri subtile asupra modului &icirc;n care site-ul este livrat. Atunci c&acirc;nd testa\u021bi &icirc;n continuare func\u021bii noi, aceste cookie-uri pot fi utilizate pentru a v\u0103 asigura c\u0103 beneficia\u021bi de o experien\u021b\u0103 consistent\u0103 &icirc;n timp ce naviga\u021bi pe site, asigur&acirc;ndu-v\u0103 &icirc;n acela\u0219i timp c\u0103 &icirc;n\u021belegem ce optimiz\u0103ri apreciaz\u0103 cel mai mult utilizatorii no\u0219tri.<\/p>\n<p>Pe m\u0103sur\u0103 ce livr\u0103m servicii, este important s\u0103 &icirc;n\u021belegem statisticile legate de num\u0103rul de vizitatori pe site-ul nostru care completeaz\u0103 formulare, depun un CV sau o cerere de ofert\u0103 \u0219i, ca atare, acesta este tipul de date pe care aceste cookieuri le vor urm\u0103ri. Acest lucru este important pentru dumneavoastr\u0103, deoarece &icirc;nseamn\u0103 c\u0103 putem s\u0103 facem cu exactitate previziuni de afaceri care s\u0103 ne permit\u0103 s\u0103 actualiz\u0103m, optimiz\u0103m \u0219i cre\u0219te performan\u021ba produselor \u0219i serviciilor oferite.<\/p>\n<p>Utiliz\u0103m anun\u021buri pentru a compensa costurile de rulare a acestui site \u0219i pentru pentru procesul de dezvoltarea ulterioar\u0103. Cookie-urile de publicitate comportamentale utilizate de acest site sunt concepute astfel &icirc;nc&acirc;t s\u0103 v\u0103 asigur\u0103m c\u0103 v\u0103 oferim cele mai relevante anun\u021buri acolo unde este posibil prin urm\u0103rirea anonim\u0103 a intereselor \u0219i prezentarea unor lucruri similare care ar putea fi de interes.<\/p>\n<p>De asemenea, folosim butoane \u0219i\/ sau plugin-uri de Social Media pe acest site, care v\u0103 permit s\u0103 v\u0103 conecta\u021bi la re\u021beaua social\u0103 &icirc;n diferite moduri. Pentru ca acestea s\u0103 func\u021bioneze, platformele de Social Media, inclusiv Facebook, LinkedIn, Google+, YouTube, vor seta cookie-uri prin site-ul nostru, care pot fi utilizate pentru a &icirc;mbun\u0103t\u0103\u021bi profilul dumneavoastr\u0103 pe site-ul lor (doar dac\u0103 ave\u021bi un profil pe platformele de Social Media) sau pentru a contribui la datele pe care le de\u021bin pentru diferite scopuri prezentate &icirc;n politica lor de confiden\u021bialitate. Pentru set\u0103rile cookie-urilor generate de ter\u021bi, po\u021bi consulta site-ul:<\/p>\n<p><a href=\"http:\/\/www.youronlinechoices.com\/ro\/\"><em>http:\/\/www.youronlinechoices.com\/ro\/<\/em><\/a><\/p>\n<p><strong>Link-uri utile<\/strong><\/p>\n<p>Dac\u0103 dori\u021bi s\u0103 afla\u021bi mai multe informa\u021bii despre cookie-uri \u0219i la ce sunt folosite, v\u0103 recomand\u0103m urmatoarele link-uri:<\/p>\n<p>Microsoft Cookies guide: <a href=\"https:\/\/support.microsoft.com\/en-us\/topic\/description-of-cookies-ad01aa7e-66c9-8ab2-7898-6652c100999d\">https:\/\/support.microsoft.com\/en-us\/topic\/description-of-cookies-ad01aa7e-66c9-8ab2-7898-6652c100999d<\/a><br \/> All About Cookies:&nbsp;<a href=\"http:\/\/www.allaboutcookies.org\/\"><em>http:\/\/www.allaboutcookies.org\/<\/em><\/a><\/p>\t\t\t\t\t\t\t\t<\/div>\n\t\t\t\t<\/div>\n\t\t\t\t\t<\/div>\n\t\t<\/div>\n\t\t\t\t\t<\/div>\n\t\t<\/section>\n\t\t\t\t<\/div>","protected":false},"excerpt":{"rendered":"<p>Ce sunt Cookie-urile? Acest site utilizeaz\u0103 module cookie (fi\u0219iere mici care sunt desc\u0103rcate pe computer \/telefon\/tableta\/device, cu scopul de a v\u0103 &icirc;mbun\u0103t\u0103\u021bi experien\u021ba). Aceast\u0103 pagin\u0103 descrie informa\u021biile pe care le colecteaz\u0103, modul &icirc;n care o folosim \u0219i de ce uneori trebuie s\u0103 stoc\u0103m aceste cookie-uri. Vom specifica, de asemenea, modul &icirc;n care pute\u021bi &icirc;mpiedica stocarea [&hellip;]<\/p>\n","protected":false},"author":1,"featured_media":0,"parent":0,"menu_order":0,"comment_status":"closed","ping_status":"closed","template":"","meta":{"footnotes":""},"class_list":["post-984","page","type-page","status-publish","hentry"],"_links":{"self":[{"href":"https:\/\/www.sivelectro.ro\/en\/wp-json\/wp\/v2\/pages\/984","targetHints":{"allow":["GET"]}}],"collection":[{"href":"https:\/\/www.sivelectro.ro\/en\/wp-json\/wp\/v2\/pages"}],"about":[{"href":"https:\/\/www.sivelectro.ro\/en\/wp-json\/wp\/v2\/types\/page"}],"author":[{"embeddable":true,"href":"https:\/\/www.sivelectro.ro\/en\/wp-json\/wp\/v2\/users\/1"}],"replies":[{"embeddable":true,"href":"https:\/\/www.sivelectro.ro\/en\/wp-json\/wp\/v2\/comments?post=984"}],"version-history":[{"count":4,"href":"https:\/\/www.sivelectro.ro\/en\/wp-json\/wp\/v2\/pages\/984\/revisions"}],"predecessor-version":[{"id":988,"href":"https:\/\/www.sivelectro.ro\/en\/wp-json\/wp\/v2\/pages\/984\/revisions\/988"}],"wp:attachment":[{"href":"https:\/\/www.sivelectro.ro\/en\/wp-json\/wp\/v2\/media?parent=984"}],"curies":[{"name":"wp","href":"https:\/\/api.w.org\/{rel}","templated":true}]}}