{"id":979,"date":"2023-06-24T11:54:31","date_gmt":"2023-06-24T11:54:31","guid":{"rendered":"https:\/\/siv.agentweb.ro\/?page_id=979"},"modified":"2026-02-25T07:19:33","modified_gmt":"2026-02-25T07:19:33","slug":"termeni-si-conditii","status":"publish","type":"page","link":"https:\/\/www.sivelectro.ro\/en\/termeni-si-conditii\/","title":{"rendered":"Termeni \u0219i condi\u021bii"},"content":{"rendered":"<div data-elementor-type=\"wp-page\" data-elementor-id=\"979\" class=\"elementor elementor-979\">\n\t\t\t\t\t\t<section class=\"elementor-section elementor-top-section elementor-element elementor-element-51774bf elementor-section-boxed elementor-section-height-default elementor-section-height-default\" data-id=\"51774bf\" data-element_type=\"section\" data-e-type=\"section\">\n\t\t\t\t\t\t<div class=\"elementor-container elementor-column-gap-default\">\n\t\t\t\t\t<div class=\"elementor-column elementor-col-100 elementor-top-column elementor-element elementor-element-d89e773\" data-id=\"d89e773\" data-element_type=\"column\" data-e-type=\"column\">\n\t\t\t<div class=\"elementor-widget-wrap elementor-element-populated\">\n\t\t\t\t\t\t<div class=\"elementor-element elementor-element-f59ef12 elementor-widget elementor-widget-text-editor\" data-id=\"f59ef12\" data-element_type=\"widget\" data-e-type=\"widget\" data-widget_type=\"text-editor.default\">\n\t\t\t\t<div class=\"elementor-widget-container\">\n\t\t\t\t\t\t\t\t\t<p>Bine a\u021bi venit pe <strong>www.sivelectro.ro<\/strong>!<\/p><p><strong>TERMENI \u0218I CONDI\u021aII<\/strong><\/p><p>Site-ul web <strong>www.sivelectro.ro<\/strong>, este supus termenilor \u0219i condi\u021biilor descrise mai jos.<\/p><p>Date de identificare: SC SIV ELECTRO CONCEPT SRL; Adresa: Str. Panait Cerna, nr.7, M44, ap. 87, Bucuresti, Rom\u00e2nia; CUI RO32145859; J2013010343405; Telefon: +40 755 422 731; Email: info@sivelectro.ro<\/p><p><strong>SIV Electro<\/strong> v\u0103 recomand\u0103 citirea cu aten\u021bie a termenilor \u0219i condi\u021biilor pentru folosirea \u00een condi\u021bii adecvate a site-ului. Vizitarea \u0219i\/sau comandarea produselor\/ serviciilor acestui site implic\u0103 acceptarea termenilor \u0219i conditiilor de mai jos.<\/p><p>TERMENI \u0218I CONDI\u021aII<\/p><p>Folosirea site-ului\u00a0<em>www.sivelectro.ro<\/em>\u00a0presupune acceptarea de c\u0103tre utilizatori a tuturor termenilor \u0219i condi\u021biilor precum \u0219i a dreptului furnizorului de a efectua modific\u0103ri asupra con\u021binutului site-ului f\u0103r\u0103 vreo \u00een\u0219tiin\u021bare prealabil\u0103.<\/p><p>Con\u021binutul acestui website (text, grafic\u0103, logo, iconuri, imagini) cade sub inciden\u021ba dreptului de autor prev\u0103zut de legea rom\u00e2n\u0103 \u0219i dreptul de autor pentru anumite texte (articole) care sunt reproduse sau adaptate de noi cu acceptul colaboratorilor. Dreptul de autor pentru siglele \u0219i sloganele partenerilor \u0219i colaboratorilor no\u0219tri le apar\u021bine acestora \u0219i sunt reproduse cu acceptul lor.<\/p><p>NOT\u0102 DE INFORMARE PRIVIND PROTEC\u021aIA DATELOR PERSONALE<\/p><p>SC SIV ELECTRO CONCEPT SRL cu sediul \u00een Bucuresti, str. Panait Cerna, nr. 7, M44, ap 87,\u00a0 \u00eenregistrat\u0103 la Registrul Comer\u021bului cu nr. J2013010343405, CUI RO32145859, email info@sivelectro.ro, prelucreaz\u0103 \u00een condi\u021bii de siguran\u021b\u0103 \u0219i numai pentru scopurile specificate mai jos, datele personale pe care ni le furniza\u021bi cu respectarea cerin\u021belor impuse de Regulamentul UE nr. 2016\/679 privind protec\u021bia persoanelor fizice \u00een ceea ce prive\u0219te prelucrarea datelor cu caracter personal \u0219i privind libera circula\u021bie a acestor date \u0219i de abrogare a Directivei 95\/46\/CE (Regulamentul general privind protec\u021bia datelor) \u0219i a Legii nr. 506\/2004 privind prelucrarea datelor cu caracter personal \u0219i protec\u021bia vie\u021bii private \u00een sectorul comunica\u021biilor electronice.<\/p><p>Tipurile de informa\u021bii cu caracter personal pe care le colect\u0103m cuprinde, spre exemplu, numele, prenume, num\u0103rul de telefon, adres\u0103 de e-mail, sau alte informa\u021bii colectate la \u00eenregistrare. Prin furnizarea acestor date, sunte\u021bi de acord cu procesarea lor conform acestei declara\u021bii de confiden\u021bialitate.<\/p><p>Informa\u021biile despre dumneavoastr\u0103 pot fi folosite de noi doar \u00een scopuri asociate comercializarii serviciilor \u0219i produselor din site-ul SIV ELECTRO CONCEPT SRL dup\u0103 cum urmeaz\u0103:<\/p><ul><li>\u00eenregistrare cereri de oferte;<\/li><li>oferirea de produse \u0219i\/sau servicii;<\/li><li>solu\u021bionarea cererilor, \u00eentreb\u0103rilor \u0219i\/sau a reclama\u021biilor f\u0103cute c\u0103tre noi; \u00eenregistrarea aplica\u021biilor pentru un post disponibil \u00een cadrul companiei.<\/li><\/ul><p>Datele dumneavoastr\u0103 personale vor fi p\u0103strate at\u00e2t timp c\u00e2t este necesar pentru scopurile men\u021bionate mai sus \u0219i nu vor fi f\u0103cute publice.<\/p><p>Ne oblig\u0103m s\u0103 nu transmitem ter\u021bilor bazele de date con\u021bin\u00e2nd informa\u021bii referitoare la datele personale ale clien\u021bilor no\u0219tri sau a poten\u021bialilor angaja\u021bi.<\/p><p>DREPTURILE pe care le ave\u021bi \u00een ceea ce prive\u0219te datele dumneavoastra personale:<\/p><ul><li>dreptul de acces la datele cu caracter personal care v\u0103 privesc;<\/li><li>dreptul a solicita rectificarea datelor cu caracter personal inexacte;<\/li><li>dreptul de a solicita \u0219tergerea datelor \u00een anumite circumstan\u021be (de exemplu atunci c\u00e2nd datele personale nu mai sunt necesare \u00een raport cu scopurile men\u021bionate mai sus);<\/li><li>dreptul de a nu fi supus unei decizii individuale;<\/li><li>dreptul la restric\u021bionarea prelucr\u0103rilor;<\/li><li>dreptul de a va opune prelucr\u0103rii \u0219i de a solicita \u0219tergerea datelor;<\/li><li>dreptul de a fi notificat \u00een caz de \u00eencalcari a securit\u0103\u021bii datelor;<\/li><li>dreptul de a va retrage consim\u021b\u0103m\u00e2ntul;<\/li><li>dreptul de a depune pl\u00e2ngere \u00een fa\u021ba autorit\u0103\u021bii de supraveghere.<\/li><\/ul><p>Orice cerere\/notificare se va data, semna \u0219i trimite de c\u0103tre persoana \u00eenscris\u0103 \u00een baza de date prin e-mail info@sivelectro.ro sau prin po\u0219t\u0103.<\/p><p><em>www.sivelectro.ro<\/em> folose\u0219te m\u0103suri de securitate \u00eempotriva pierderii, alter\u0103rii sau folosirii gre\u0219ite a informa\u021biilor care se afl\u0103 sub controlul nostru. SIV Electro Concept SRL va face tot posibilul ca toate ne\u00eentelegerile privind orice tip de disput\u0103 \u00eentre p\u0103r\u021bi s\u0103 fie rezolvat\u0103 pe cale amiabil\u0103.<\/p>\t\t\t\t\t\t\t\t<\/div>\n\t\t\t\t<\/div>\n\t\t\t\t\t<\/div>\n\t\t<\/div>\n\t\t\t\t\t<\/div>\n\t\t<\/section>\n\t\t\t\t<\/div>","protected":false},"excerpt":{"rendered":"<p>Bine a\u021bi venit pe www.sivelectro.ro! TERMENI \u0218I CONDI\u021aII Site-ul web www.sivelectro.ro, este supus termenilor \u0219i condi\u021biilor descrise mai jos. Date de identificare: SC SIV ELECTRO CONCEPT SRL; Adresa: Str. Panait Cerna, nr.7, M44, ap. 87, Bucuresti, Rom\u00e2nia; CUI RO32145859; J2013010343405; Telefon: +40 755 422 731; Email: info@sivelectro.ro SIV Electro v\u0103 recomand\u0103 citirea cu aten\u021bie a [&hellip;]<\/p>\n","protected":false},"author":1,"featured_media":0,"parent":0,"menu_order":0,"comment_status":"closed","ping_status":"closed","template":"","meta":{"footnotes":""},"class_list":["post-979","page","type-page","status-publish","hentry"],"_links":{"self":[{"href":"https:\/\/www.sivelectro.ro\/en\/wp-json\/wp\/v2\/pages\/979","targetHints":{"allow":["GET"]}}],"collection":[{"href":"https:\/\/www.sivelectro.ro\/en\/wp-json\/wp\/v2\/pages"}],"about":[{"href":"https:\/\/www.sivelectro.ro\/en\/wp-json\/wp\/v2\/types\/page"}],"author":[{"embeddable":true,"href":"https:\/\/www.sivelectro.ro\/en\/wp-json\/wp\/v2\/users\/1"}],"replies":[{"embeddable":true,"href":"https:\/\/www.sivelectro.ro\/en\/wp-json\/wp\/v2\/comments?post=979"}],"version-history":[{"count":11,"href":"https:\/\/www.sivelectro.ro\/en\/wp-json\/wp\/v2\/pages\/979\/revisions"}],"predecessor-version":[{"id":2034,"href":"https:\/\/www.sivelectro.ro\/en\/wp-json\/wp\/v2\/pages\/979\/revisions\/2034"}],"wp:attachment":[{"href":"https:\/\/www.sivelectro.ro\/en\/wp-json\/wp\/v2\/media?parent=979"}],"curies":[{"name":"wp","href":"https:\/\/api.w.org\/{rel}","templated":true}]}}