{"id":900,"date":"2023-06-24T10:42:38","date_gmt":"2023-06-24T10:42:38","guid":{"rendered":"https:\/\/siv.agentweb.ro\/?page_id=900"},"modified":"2023-07-20T14:32:22","modified_gmt":"2023-07-20T14:32:22","slug":"nvent","status":"publish","type":"page","link":"https:\/\/www.sivelectro.ro\/en\/parteneri\/nvent\/","title":{"rendered":"nVENT"},"content":{"rendered":"<div data-elementor-type=\"wp-page\" data-elementor-id=\"900\" class=\"elementor elementor-900\">\n\t\t\t\t\t\t<section class=\"elementor-section elementor-top-section elementor-element elementor-element-567bdeea elementor-section-boxed elementor-section-height-default elementor-section-height-default\" data-id=\"567bdeea\" data-element_type=\"section\" data-e-type=\"section\">\n\t\t\t\t\t\t<div class=\"elementor-container elementor-column-gap-default\">\n\t\t\t\t\t<div class=\"elementor-column elementor-col-100 elementor-top-column elementor-element elementor-element-6dabd57\" data-id=\"6dabd57\" data-element_type=\"column\" data-e-type=\"column\">\n\t\t\t<div class=\"elementor-widget-wrap elementor-element-populated\">\n\t\t\t\t\t\t<div class=\"elementor-element elementor-element-0beafbf elementor-widget elementor-widget-image\" data-id=\"0beafbf\" data-element_type=\"widget\" data-e-type=\"widget\" data-widget_type=\"image.default\">\n\t\t\t\t<div class=\"elementor-widget-container\">\n\t\t\t\t\t\t\t\t\t\t\t\t\t\t\t\t<a href=\"https:\/\/www.nvent.com\/ro-ro\/eriflex\" target=\"_blank\" rel=\"nofollow\">\n\t\t\t\t\t\t\t<img decoding=\"async\" width=\"269\" height=\"185\" src=\"https:\/\/www.sivelectro.ro\/wp-content\/uploads\/2023\/06\/image094.png\" class=\"attachment-medium size-medium wp-image-903\" alt=\"\" srcset=\"https:\/\/www.sivelectro.ro\/wp-content\/uploads\/2023\/06\/image094.png 269w, https:\/\/www.sivelectro.ro\/wp-content\/uploads\/2023\/06\/image094-18x12.png 18w\" sizes=\"(max-width: 269px) 100vw, 269px\" \/>\t\t\t\t\t\t\t\t<\/a>\n\t\t\t\t\t\t\t\t\t\t\t\t\t\t\t<\/div>\n\t\t\t\t<\/div>\n\t\t\t\t<div class=\"elementor-element elementor-element-3375362 elementor-widget elementor-widget-text-editor\" data-id=\"3375362\" data-element_type=\"widget\" data-e-type=\"widget\" data-widget_type=\"text-editor.default\">\n\t\t\t\t<div class=\"elementor-widget-container\">\n\t\t\t\t\t\t\t\t\t<p>ERICO - In 1903, the Electric Railway Improvement Company (ERICO) was created to supply power bonds, signal bonds and related welding equipment to railroads, mining and street railway industries. And for the next 112 years, the company expanded and flourished by adding capabilities and brands relevant to their core business as well as by promoting growth with forays into some new business arenas.<br \/>Throughout our history, our award-winning inventions have connected and protected our customers, while fueling  business growth. Today, as we turn the page on a new chapter in our history, we celebrate the importance, power and potential of our inventions in helping to create a more safe and secure world.<\/p>\t\t\t\t\t\t\t\t<\/div>\n\t\t\t\t<\/div>\n\t\t\t\t\t<\/div>\n\t\t<\/div>\n\t\t\t\t\t<\/div>\n\t\t<\/section>\n\t\t\t\t<section class=\"elementor-section elementor-top-section elementor-element elementor-element-2cf83891 elementor-section-content-middle partenerSection elementor-section-boxed elementor-section-height-default elementor-section-height-default\" data-id=\"2cf83891\" data-element_type=\"section\" data-e-type=\"section\">\n\t\t\t\t\t\t<div class=\"elementor-container elementor-column-gap-default\">\n\t\t\t\t\t<div class=\"elementor-column elementor-col-50 elementor-top-column elementor-element elementor-element-1a70bb71\" data-id=\"1a70bb71\" data-element_type=\"column\" data-e-type=\"column\">\n\t\t\t<div class=\"elementor-widget-wrap elementor-element-populated\">\n\t\t\t\t\t\t<div class=\"elementor-element elementor-element-4c6d7d7e elementor-widget elementor-widget-heading\" data-id=\"4c6d7d7e\" data-element_type=\"widget\" data-e-type=\"widget\" data-widget_type=\"heading.default\">\n\t\t\t\t<div class=\"elementor-widget-container\">\n\t\t\t\t\t<h6 class=\"elementor-heading-title elementor-size-default\">nVENT<\/h6>\t\t\t\t<\/div>\n\t\t\t\t<\/div>\n\t\t\t\t<div class=\"elementor-element elementor-element-3e107c70 elementor-widget elementor-widget-heading\" data-id=\"3e107c70\" data-element_type=\"widget\" data-e-type=\"widget\" data-widget_type=\"heading.default\">\n\t\t\t\t<div class=\"elementor-widget-container\">\n\t\t\t\t\t<h2 class=\"elementor-heading-title elementor-size-default\">ERIFLEX\u00ae Low voltage power and grounding connections for OEMs, panel builders and targeted industries.<\/h2>\t\t\t\t<\/div>\n\t\t\t\t<\/div>\n\t\t\t\t<div class=\"elementor-element elementor-element-9727711 elementor-widget elementor-widget-text-editor\" data-id=\"9727711\" data-element_type=\"widget\" data-e-type=\"widget\" data-widget_type=\"text-editor.default\">\n\t\t\t\t<div class=\"elementor-widget-container\">\n\t\t\t\t\t\t\t\t\t<p><strong>Improve safety and reliability with nVent ERIFLEX Advanced Technology<\/strong><br \/>As electrical power conductors have evolved over time, so has the need for better insulation methods that can provide safe, reliable performance and in a broad range of applications.<\/p><p>nVent ERIFLEX Advanced Technology (Advanced Technology) provides the most unique, safe and flexible solution for electrical power conductors. Advanced Technology is constructed with materials using the latest safety technology that is low smoke, halogen-free and flame retardant (LSHFFR). nVent ERIFLEX Flexibar Advanced can be tinned to be suitable for high temperatures, improving safety for electrical equipment and people during installation and use.<\/p><p>Improve the life of electrical power conductors by offering proven reliability and performance with Advanced Technology\u2014built to last with long-term design in mind and the flexibility to handle any application.<\/p>\t\t\t\t\t\t\t\t<\/div>\n\t\t\t\t<\/div>\n\t\t\t\t<div class=\"elementor-element elementor-element-f161d7a elementor-align-left elementor-widget elementor-widget-button\" data-id=\"f161d7a\" data-element_type=\"widget\" data-e-type=\"widget\" data-widget_type=\"button.default\">\n\t\t\t\t<div class=\"elementor-widget-container\">\n\t\t\t\t\t\t\t\t\t<div class=\"elementor-button-wrapper\">\n\t\t\t\t\t<a class=\"elementor-button elementor-button-link elementor-size-md\" href=\"\/wp-content\/uploads\/2023\/06\/P1126B-UKEN_compressed.pdf\" target=\"_blank\" rel=\"nofollow\">\n\t\t\t\t\t\t<span class=\"elementor-button-content-wrapper\">\n\t\t\t\t\t\t\t\t\t<span class=\"elementor-button-text\">Download Catalog \"Solutions for Electrical Power &amp; Earth Connections\"<\/span>\n\t\t\t\t\t<\/span>\n\t\t\t\t\t<\/a>\n\t\t\t\t<\/div>\n\t\t\t\t\t\t\t\t<\/div>\n\t\t\t\t<\/div>\n\t\t\t\t<div class=\"elementor-element elementor-element-06bd0d2 elementor-align-left elementor-widget elementor-widget-button\" data-id=\"06bd0d2\" data-element_type=\"widget\" data-e-type=\"widget\" data-widget_type=\"button.default\">\n\t\t\t\t<div class=\"elementor-widget-container\">\n\t\t\t\t\t\t\t\t\t<div class=\"elementor-button-wrapper\">\n\t\t\t\t\t<a class=\"elementor-button elementor-button-link elementor-size-md\" href=\"\/wp-content\/uploads\/2023\/06\/P1215C-UKEN_compressed.pdf\" target=\"_blank\" rel=\"nofollow\">\n\t\t\t\t\t\t<span class=\"elementor-button-content-wrapper\">\n\t\t\t\t\t\t\t\t\t<span class=\"elementor-button-text\">Download Catalog \"Distribution Blocks, Power Blocks, Power Terminals\"<\/span>\n\t\t\t\t\t<\/span>\n\t\t\t\t\t<\/a>\n\t\t\t\t<\/div>\n\t\t\t\t\t\t\t\t<\/div>\n\t\t\t\t<\/div>\n\t\t\t\t<div class=\"elementor-element elementor-element-fe68e96 elementor-align-left elementor-widget elementor-widget-button\" data-id=\"fe68e96\" data-element_type=\"widget\" data-e-type=\"widget\" data-widget_type=\"button.default\">\n\t\t\t\t<div class=\"elementor-widget-container\">\n\t\t\t\t\t\t\t\t\t<div class=\"elementor-button-wrapper\">\n\t\t\t\t\t<a class=\"elementor-button elementor-button-link elementor-size-md\" href=\"\/wp-content\/uploads\/2023\/06\/P1356B-UKEN_compressed.pdf\" target=\"_blank\" rel=\"nofollow\">\n\t\t\t\t\t\t<span class=\"elementor-button-content-wrapper\">\n\t\t\t\t\t\t\t\t\t<span class=\"elementor-button-text\">Download Catalog \"Hydraulic &amp; Manual Tools\"<\/span>\n\t\t\t\t\t<\/span>\n\t\t\t\t\t<\/a>\n\t\t\t\t<\/div>\n\t\t\t\t\t\t\t\t<\/div>\n\t\t\t\t<\/div>\n\t\t\t\t<div class=\"elementor-element elementor-element-96593aa elementor-align-left elementor-widget elementor-widget-button\" data-id=\"96593aa\" data-element_type=\"widget\" data-e-type=\"widget\" data-widget_type=\"button.default\">\n\t\t\t\t<div class=\"elementor-widget-container\">\n\t\t\t\t\t\t\t\t\t<div class=\"elementor-button-wrapper\">\n\t\t\t\t\t<a class=\"elementor-button elementor-button-link elementor-size-md\" href=\"\/wp-content\/uploads\/2023\/06\/P1300C-UKEN_compressed.pdf\" target=\"_blank\" rel=\"nofollow\">\n\t\t\t\t\t\t<span class=\"elementor-button-content-wrapper\">\n\t\t\t\t\t\t\t\t\t<span class=\"elementor-button-text\">Download Catalog \"nVent ERIFLEX Flexible Conductors\"<\/span>\n\t\t\t\t\t<\/span>\n\t\t\t\t\t<\/a>\n\t\t\t\t<\/div>\n\t\t\t\t\t\t\t\t<\/div>\n\t\t\t\t<\/div>\n\t\t\t\t\t<\/div>\n\t\t<\/div>\n\t\t\t\t<div class=\"elementor-column elementor-col-50 elementor-top-column elementor-element elementor-element-3499f32b\" data-id=\"3499f32b\" data-element_type=\"column\" data-e-type=\"column\">\n\t\t\t<div class=\"elementor-widget-wrap elementor-element-populated\">\n\t\t\t\t\t\t<div class=\"elementor-element elementor-element-a3a99ce elementor-widget elementor-widget-image\" data-id=\"a3a99ce\" data-element_type=\"widget\" data-e-type=\"widget\" data-widget_type=\"image.default\">\n\t\t\t\t<div class=\"elementor-widget-container\">\n\t\t\t\t\t\t\t\t\t\t\t\t\t\t\t<img fetchpriority=\"high\" decoding=\"async\" width=\"556\" height=\"556\" src=\"https:\/\/www.sivelectro.ro\/wp-content\/uploads\/2023\/07\/GroupImage.png.webp\" class=\"attachment-large size-large wp-image-1433\" alt=\"\" srcset=\"https:\/\/www.sivelectro.ro\/wp-content\/uploads\/2023\/07\/GroupImage.png.webp 556w, https:\/\/www.sivelectro.ro\/wp-content\/uploads\/2023\/07\/GroupImage.png-300x300.webp 300w, https:\/\/www.sivelectro.ro\/wp-content\/uploads\/2023\/07\/GroupImage.png-150x150.webp 150w, https:\/\/www.sivelectro.ro\/wp-content\/uploads\/2023\/07\/GroupImage.png-12x12.webp 12w\" sizes=\"(max-width: 556px) 100vw, 556px\" \/>\t\t\t\t\t\t\t\t\t\t\t\t\t\t\t<\/div>\n\t\t\t\t<\/div>\n\t\t\t\t\t<\/div>\n\t\t<\/div>\n\t\t\t\t\t<\/div>\n\t\t<\/section>\n\t\t\t\t<section class=\"elementor-section elementor-top-section elementor-element elementor-element-b97b666 elementor-section-content-middle partenerSection elementor-reverse-tablet elementor-reverse-mobile elementor-section-boxed elementor-section-height-default elementor-section-height-default\" data-id=\"b97b666\" data-element_type=\"section\" data-e-type=\"section\">\n\t\t\t\t\t\t<div class=\"elementor-container elementor-column-gap-default\">\n\t\t\t\t\t<div class=\"elementor-column elementor-col-50 elementor-top-column elementor-element elementor-element-07a2e0f\" data-id=\"07a2e0f\" data-element_type=\"column\" data-e-type=\"column\">\n\t\t\t<div class=\"elementor-widget-wrap elementor-element-populated\">\n\t\t\t\t\t\t<div class=\"elementor-element elementor-element-ed122c2 elementor-widget elementor-widget-image\" data-id=\"ed122c2\" data-element_type=\"widget\" data-e-type=\"widget\" data-widget_type=\"image.default\">\n\t\t\t\t<div class=\"elementor-widget-container\">\n\t\t\t\t\t\t\t\t\t\t\t\t\t\t\t<img decoding=\"async\" width=\"444\" height=\"274\" src=\"https:\/\/www.sivelectro.ro\/wp-content\/uploads\/2023\/07\/PH37363g.png.webp\" class=\"attachment-large size-large wp-image-1434\" alt=\"\" srcset=\"https:\/\/www.sivelectro.ro\/wp-content\/uploads\/2023\/07\/PH37363g.png.webp 444w, https:\/\/www.sivelectro.ro\/wp-content\/uploads\/2023\/07\/PH37363g.png-300x185.webp 300w, https:\/\/www.sivelectro.ro\/wp-content\/uploads\/2023\/07\/PH37363g.png-18x12.webp 18w\" sizes=\"(max-width: 444px) 100vw, 444px\" \/>\t\t\t\t\t\t\t\t\t\t\t\t\t\t\t<\/div>\n\t\t\t\t<\/div>\n\t\t\t\t<div class=\"elementor-element elementor-element-f0c8833 elementor-widget elementor-widget-image\" data-id=\"f0c8833\" data-element_type=\"widget\" data-e-type=\"widget\" data-widget_type=\"image.default\">\n\t\t\t\t<div class=\"elementor-widget-container\">\n\t\t\t\t\t\t\t\t\t\t\t\t\t\t\t<img loading=\"lazy\" decoding=\"async\" width=\"444\" height=\"274\" src=\"https:\/\/www.sivelectro.ro\/wp-content\/uploads\/2023\/07\/ERICO_System1000.png.webp\" class=\"attachment-large size-large wp-image-1435\" alt=\"\" srcset=\"https:\/\/www.sivelectro.ro\/wp-content\/uploads\/2023\/07\/ERICO_System1000.png.webp 444w, https:\/\/www.sivelectro.ro\/wp-content\/uploads\/2023\/07\/ERICO_System1000.png-300x185.webp 300w, https:\/\/www.sivelectro.ro\/wp-content\/uploads\/2023\/07\/ERICO_System1000.png-18x12.webp 18w\" sizes=\"(max-width: 444px) 100vw, 444px\" \/>\t\t\t\t\t\t\t\t\t\t\t\t\t\t\t<\/div>\n\t\t\t\t<\/div>\n\t\t\t\t\t<\/div>\n\t\t<\/div>\n\t\t\t\t<div class=\"elementor-column elementor-col-50 elementor-top-column elementor-element elementor-element-2cfbb3e\" data-id=\"2cfbb3e\" data-element_type=\"column\" data-e-type=\"column\">\n\t\t\t<div class=\"elementor-widget-wrap elementor-element-populated\">\n\t\t\t\t\t\t<div class=\"elementor-element elementor-element-5b52bf9 elementor-widget elementor-widget-heading\" data-id=\"5b52bf9\" data-element_type=\"widget\" data-e-type=\"widget\" data-widget_type=\"heading.default\">\n\t\t\t\t<div class=\"elementor-widget-container\">\n\t\t\t\t\t<h6 class=\"elementor-heading-title elementor-size-default\">nVENT<\/h6>\t\t\t\t<\/div>\n\t\t\t\t<\/div>\n\t\t\t\t<div class=\"elementor-element elementor-element-27f6caa elementor-widget elementor-widget-heading\" data-id=\"27f6caa\" data-element_type=\"widget\" data-e-type=\"widget\" data-widget_type=\"heading.default\">\n\t\t\t\t<div class=\"elementor-widget-container\">\n\t\t\t\t\t<h2 class=\"elementor-heading-title elementor-size-default\">ERICO\u00ae Electrical Grounding, Bonding and Connectivity products provide an integral approach for lightning protection, grounding, bonding and surge protection.<\/h2>\t\t\t\t<\/div>\n\t\t\t\t<\/div>\n\t\t\t\t<div class=\"elementor-element elementor-element-5bc0d64 elementor-widget elementor-widget-text-editor\" data-id=\"5bc0d64\" data-element_type=\"widget\" data-e-type=\"widget\" data-widget_type=\"text-editor.default\">\n\t\t\t\t<div class=\"elementor-widget-container\">\n\t\t\t\t\t\t\t\t\t<p><strong>The original nVent ERICO Cadweld exothermic welding system.<\/strong><br \/>Invented in 1938. Patented in 1939. nVent ERICO Cadweld has been making connections easier for installers from the beginning and leading the industry in quality, performance and innovation ever since.<\/p><p>Every Grounding Application is Unique. We Make Safe, Reliable, Quality Solutions to Meet Your Needs<br \/>Grounding and bonding needs vary according to each specific application.  The grounding and bonding requirements of telecom grounding, power system grounding for C&amp;I systems, power utility substations, transmission and distribution systems, and cathodic and lightning protection can vary greatly. In all cases, the purpose of a high-quality grounding and bonding system is to:<br \/>\u2022 Protect people<br \/>\u2022 Provide protection in the event of unintentional contact between live conductors and bonded\/grounded parts<br \/>\u2022 Ensure maximum safety from electrical system faults and lightning<\/p><p>nVent ERICO has the experts and experience to select the ideal grounding and bonding solution for your application from the ground up.<\/p><p>In 2020, nVent ERICO continues to innovate with an unwavering commitment to safe, adaptable, easy-to-use products. The nVent ERICO Cadweld Plus Impulse Exothermic Welding Control Unit incorporates new features designed to accommodate multiple power sources and improve safety.<\/p><p><strong>nVent ERICO System 1000<\/strong><\/p><p>Early Streamer Emission (ESE) Lightning Protection Systems<br \/>During thunderstorm conditions when the lightning downward leader is approaching ground level, an upward leader may be created by any surface. nVent ERICO Interceptor ESE i-Series generates controlled magnitude and frequency pulses at the tip of the terminal during high static fields prior to a lightning discharge. This enables the creation of an upward leader from the terminal that propagates toward the downward leader coming from the thunder cloud. These early streamer emission air terminals (ESEAT) are in accordance with the 2011 edition of NFC 17-102. The design requirements, protection level calculations and protection radius are obtained from this standard and similar ESE standards. Due to the internal control circuit, the Interceptor ESE i-Series enables the early launching of an upward leader compared to other passive components.<\/p><p>The Interceptor ESE i-Series has been extensively tested at an independent high-voltage laboratory in accordance with the revised 2011 requirements of French NFC 17-102. The testing, as defined in the standard, was designed to simulate naturally occurring conditions and allow comparison of the performance between differing types of lightning protection systems.<\/p>\t\t\t\t\t\t\t\t<\/div>\n\t\t\t\t<\/div>\n\t\t\t\t<div class=\"elementor-element elementor-element-6854013 elementor-align-left elementor-widget elementor-widget-button\" data-id=\"6854013\" data-element_type=\"widget\" data-e-type=\"widget\" data-widget_type=\"button.default\">\n\t\t\t\t<div class=\"elementor-widget-container\">\n\t\t\t\t\t\t\t\t\t<div class=\"elementor-button-wrapper\">\n\t\t\t\t\t<a class=\"elementor-button elementor-button-link elementor-size-md\" href=\"\/wp-content\/uploads\/2023\/06\/Grounding-Bonding-and-nVent-ERICO-Cadweld_compressed.pdf\" target=\"_blank\" rel=\"nofollow\">\n\t\t\t\t\t\t<span class=\"elementor-button-content-wrapper\">\n\t\t\t\t\t\t\t\t\t<span class=\"elementor-button-text\">Download Catalog \"Grounding, Bonding and nVent ERICO Cadweld\"<\/span>\n\t\t\t\t\t<\/span>\n\t\t\t\t\t<\/a>\n\t\t\t\t<\/div>\n\t\t\t\t\t\t\t\t<\/div>\n\t\t\t\t<\/div>\n\t\t\t\t<div class=\"elementor-element elementor-element-dcc0bf8 elementor-align-left elementor-widget elementor-widget-button\" data-id=\"dcc0bf8\" data-element_type=\"widget\" data-e-type=\"widget\" data-widget_type=\"button.default\">\n\t\t\t\t<div class=\"elementor-widget-container\">\n\t\t\t\t\t\t\t\t\t<div class=\"elementor-button-wrapper\">\n\t\t\t\t\t<a class=\"elementor-button elementor-button-link elementor-size-md\" href=\"\/wp-content\/uploads\/2023\/06\/Lighting-System-1000_compressed.pdf\" target=\"_blank\" rel=\"nofollow\">\n\t\t\t\t\t\t<span class=\"elementor-button-content-wrapper\">\n\t\t\t\t\t\t\t\t\t<span class=\"elementor-button-text\">Download Catalog \"Lighting System 1000\"<\/span>\n\t\t\t\t\t<\/span>\n\t\t\t\t\t<\/a>\n\t\t\t\t<\/div>\n\t\t\t\t\t\t\t\t<\/div>\n\t\t\t\t<\/div>\n\t\t\t\t\t<\/div>\n\t\t<\/div>\n\t\t\t\t\t<\/div>\n\t\t<\/section>\n\t\t\t\t<\/div>","protected":false},"excerpt":{"rendered":"<p>ERICO &#8211; In 1903, the Electric Railway Improvement Company (ERICO) a fost \u00eenfiin\u021bat\u0103 cu scopul de a produce echipamente de \u00eemp\u0103m\u00e2ntare \u0219i dispozitive de sudare pentru industria c\u0103ilor ferate \u0219i minerit. \u00cen urm\u0103torii 112 ani, compania \u0219i-a extins \u0219i dezvoltat gama de produse, ajung\u00e2nd un renume \u00een industria electrotehnic\u0103.De-a lungul istoriei noastre, inven\u021biile noastre premiate [&hellip;]<\/p>\n","protected":false},"author":1,"featured_media":0,"parent":385,"menu_order":0,"comment_status":"closed","ping_status":"closed","template":"","meta":{"footnotes":""},"class_list":["post-900","page","type-page","status-publish","hentry"],"_links":{"self":[{"href":"https:\/\/www.sivelectro.ro\/en\/wp-json\/wp\/v2\/pages\/900","targetHints":{"allow":["GET"]}}],"collection":[{"href":"https:\/\/www.sivelectro.ro\/en\/wp-json\/wp\/v2\/pages"}],"about":[{"href":"https:\/\/www.sivelectro.ro\/en\/wp-json\/wp\/v2\/types\/page"}],"author":[{"embeddable":true,"href":"https:\/\/www.sivelectro.ro\/en\/wp-json\/wp\/v2\/users\/1"}],"replies":[{"embeddable":true,"href":"https:\/\/www.sivelectro.ro\/en\/wp-json\/wp\/v2\/comments?post=900"}],"version-history":[{"count":17,"href":"https:\/\/www.sivelectro.ro\/en\/wp-json\/wp\/v2\/pages\/900\/revisions"}],"predecessor-version":[{"id":1637,"href":"https:\/\/www.sivelectro.ro\/en\/wp-json\/wp\/v2\/pages\/900\/revisions\/1637"}],"up":[{"embeddable":true,"href":"https:\/\/www.sivelectro.ro\/en\/wp-json\/wp\/v2\/pages\/385"}],"wp:attachment":[{"href":"https:\/\/www.sivelectro.ro\/en\/wp-json\/wp\/v2\/media?parent=900"}],"curies":[{"name":"wp","href":"https:\/\/api.w.org\/{rel}","templated":true}]}}