{"id":185,"date":"2023-05-19T11:53:32","date_gmt":"2023-05-19T11:53:32","guid":{"rendered":"https:\/\/siv.agentweb.ro\/?page_id=185"},"modified":"2023-08-10T09:00:16","modified_gmt":"2023-08-10T09:00:16","slug":"noutati","status":"publish","type":"page","link":"https:\/\/www.sivelectro.ro\/en\/noutati\/","title":{"rendered":"News"},"content":{"rendered":"\t\t<div data-elementor-type=\"wp-page\" data-elementor-id=\"185\" class=\"elementor elementor-185\">\n\t\t\t\t\t\t<section class=\"elementor-section elementor-top-section elementor-element elementor-element-3b8321b1 elementor-section-boxed elementor-section-height-default elementor-section-height-default\" data-id=\"3b8321b1\" data-element_type=\"section\" data-e-type=\"section\" data-settings=\"{&quot;background_background&quot;:&quot;classic&quot;}\">\n\t\t\t\t\t\t<div class=\"elementor-container elementor-column-gap-default\">\n\t\t\t\t\t<div class=\"elementor-column elementor-col-100 elementor-top-column elementor-element elementor-element-6de7d3a2\" data-id=\"6de7d3a2\" data-element_type=\"column\" data-e-type=\"column\">\n\t\t\t<div class=\"elementor-widget-wrap elementor-element-populated\">\n\t\t\t\t\t\t<div class=\"elementor-element elementor-element-71acfc5f elementor-widget elementor-widget-heading\" data-id=\"71acfc5f\" data-element_type=\"widget\" data-e-type=\"widget\" data-widget_type=\"heading.default\">\n\t\t\t\t<div class=\"elementor-widget-container\">\n\t\t\t\t\t<h1 class=\"elementor-heading-title elementor-size-default\">Nout\u0103\u021bi<\/h1>\t\t\t\t<\/div>\n\t\t\t\t<\/div>\n\t\t\t\t<div class=\"elementor-element elementor-element-28b74aa1 elementor-widget elementor-widget-heading\" data-id=\"28b74aa1\" data-element_type=\"widget\" data-e-type=\"widget\" data-widget_type=\"heading.default\">\n\t\t\t\t<div class=\"elementor-widget-container\">\n\t\t\t\t\t<h3 class=\"elementor-heading-title elementor-size-default\">The power of knolwedge<\/h3>\t\t\t\t<\/div>\n\t\t\t\t<\/div>\n\t\t\t\t\t<\/div>\n\t\t<\/div>\n\t\t\t\t\t<\/div>\n\t\t<\/section>\n\t\t\t\t<section class=\"elementor-section elementor-top-section elementor-element elementor-element-2a9c9f5f elementor-section-boxed elementor-section-height-default elementor-section-height-default\" data-id=\"2a9c9f5f\" data-element_type=\"section\" data-e-type=\"section\">\n\t\t\t\t\t\t<div class=\"elementor-container elementor-column-gap-default\">\n\t\t\t\t\t<div class=\"elementor-column elementor-col-100 elementor-top-column elementor-element elementor-element-2beb4bb1\" data-id=\"2beb4bb1\" data-element_type=\"column\" data-e-type=\"column\" data-settings=\"{&quot;background_background&quot;:&quot;classic&quot;}\">\n\t\t\t<div class=\"elementor-widget-wrap elementor-element-populated\">\n\t\t\t\t\t\t<div class=\"elementor-element elementor-element-fbaa267 elementor-grid-eael-col-3 elementor-grid-tablet-eael-col-2 elementor-grid-mobile-eael-col-1 elementor-widget elementor-widget-eael-post-grid\" data-id=\"fbaa267\" data-element_type=\"widget\" data-e-type=\"widget\" data-settings=\"{&quot;eael_post_grid_columns&quot;:&quot;eael-col-3&quot;,&quot;eael_post_grid_columns_tablet&quot;:&quot;eael-col-2&quot;,&quot;eael_post_grid_columns_mobile&quot;:&quot;eael-col-1&quot;}\" data-widget_type=\"eael-post-grid.default\">\n\t\t\t\t<div class=\"elementor-widget-container\">\n\t\t\t\t\t<div id=\"eael-post-grid-fbaa267\" class=\"eael-post-grid-container\">\n            <div class=\"eael-post-grid eael-post-appender eael-post-appender-fbaa267 eael-post-grid-style-one\" data-layout-mode=\"grid\"><article class=\"eael-grid-post  eael-post-grid-column eael-pg-post-2144 category-noutati\" data-id=\"2144\">\n        <div class=\"eael-grid-post-holder\">\n            <div class=\"eael-grid-post-holder-inner\"><div class=\"eael-entry-media\"><div class=\"eael-entry-overlay fade-in\"><i class=\"fas fa-long-arrow-alt-right\" aria-hidden=\"true\"><\/i><a href=\"https:\/\/www.sivelectro.ro\/en\/transformatoare-de-masurare-pentru-aplicatii-la-medie-tensiune-de-la-arteche-esitas-cu-aprobari-de-model-b-r-m-l\/\"><\/a><\/div><div class=\"eael-entry-thumbnail \">\n                <img fetchpriority=\"high\" decoding=\"async\" width=\"768\" height=\"432\" src=\"https:\/\/www.sivelectro.ro\/wp-content\/uploads\/2026\/03\/rebranding.gif\" class=\"attachment-medium_large size-medium_large wp-image-2146\" alt=\"\" \/>\n            <\/div>\n        <\/div><div class=\"eael-entry-wrapper\"><header class=\"eael-entry-header\"><h2 class=\"eael-entry-title\"><a class=\"eael-grid-post-link\" href=\"https:\/\/www.sivelectro.ro\/en\/transformatoare-de-masurare-pentru-aplicatii-la-medie-tensiune-de-la-arteche-esitas-cu-aprobari-de-model-b-r-m-l\/\" title=\"Transformatoare de m\u0103surare pentru aplica\u021bii la Medie Tensiune de la ARTECHE (ESITAS) cu Aprobari de Model B.R.M.L.\">Transformatoare de m\u0103surare pentru aplica\u021bii la Medie Tensiune de la ARTECHE (ESITAS) cu Aprobari de Model B.R.M.L.<\/a><\/h2><\/header><div class=\"eael-entry-content\">\n                        <div class=\"eael-grid-post-excerpt\"><p>Din iulie 2021, compania ESITAS face parte din grupul ARTECHE, o companie spaniol\u0103 cu peste 35 de ani de experien\u021b\u0103 pe pia\u021b\u0103 de instrumenta\u021bie \u0219i m\u0103surare. Compania produce transformatoare de curent (TC) \u0219i transformatoare de tensiune (TT) pentru aplica\u021bii industriale, sta\u021bii de transformare, sisteme de distribu\u021bie \u0219i generare de energie. Produsele ARTECHE acoper\u0103 o gam\u0103 [&hellip;]<\/p><a href=\"https:\/\/www.sivelectro.ro\/en\/transformatoare-de-masurare-pentru-aplicatii-la-medie-tensiune-de-la-arteche-esitas-cu-aprobari-de-model-b-r-m-l\/\" class=\"eael-post-elements-readmore-btn\">Vezi detalii<\/a><\/div>\n                    <\/div><div class=\"eael-entry-footer\"><div class=\"eael-entry-meta\"><\/div><\/div><\/div><\/div>\n        <\/div>\n    <\/article><article class=\"eael-grid-post  eael-post-grid-column eael-pg-post-2135 category-noutati\" data-id=\"2135\">\n        <div class=\"eael-grid-post-holder\">\n            <div class=\"eael-grid-post-holder-inner\"><div class=\"eael-entry-media\"><div class=\"eael-entry-overlay fade-in\"><i class=\"fas fa-long-arrow-alt-right\" aria-hidden=\"true\"><\/i><a href=\"https:\/\/www.sivelectro.ro\/en\/relee-pentru-detectia-curentului-rezidual\/\"><\/a><\/div><div class=\"eael-entry-thumbnail \">\n                <img decoding=\"async\" width=\"570\" height=\"536\" src=\"https:\/\/www.sivelectro.ro\/wp-content\/uploads\/2026\/03\/WhatsApp-Image-2026-03-04-at-10.41.07.jpeg\" class=\"attachment-medium_large size-medium_large wp-image-2134\" alt=\"\" \/>\n            <\/div>\n        <\/div><div class=\"eael-entry-wrapper\"><header class=\"eael-entry-header\"><h2 class=\"eael-entry-title\"><a class=\"eael-grid-post-link\" href=\"https:\/\/www.sivelectro.ro\/en\/relee-pentru-detectia-curentului-rezidual\/\" title=\"Relee pentru detectia curentului rezidual\">Relee pentru detectia curentului rezidual<\/a><\/h2><\/header><div class=\"eael-entry-content\">\n                        <div class=\"eael-grid-post-excerpt\"><p>Noua serie E-TOR a fost complet re\u00eennoit\u0103 \u0219i extins\u0103, \u00eembog\u0103\u021bind gama releelor de protec\u021bie la curent de defect la p\u0103m\u00e2nt cu modele noi \u0219i func\u021bii avansate. SIV Electro va propune o solutie completa de relee pentru detectia curentului rezidual, destinata aplicatiilor rezidentiale, comerciale si industriale, produse de catre compania italiana FRER srl, acoperind intreaga gama: [&hellip;]<\/p><a href=\"https:\/\/www.sivelectro.ro\/en\/relee-pentru-detectia-curentului-rezidual\/\" class=\"eael-post-elements-readmore-btn\">Vezi detalii<\/a><\/div>\n                    <\/div><div class=\"eael-entry-footer\"><div class=\"eael-entry-meta\"><\/div><\/div><\/div><\/div>\n        <\/div>\n    <\/article><article class=\"eael-grid-post  eael-post-grid-column eael-pg-post-2089 category-noutati\" data-id=\"2089\">\n        <div class=\"eael-grid-post-holder\">\n            <div class=\"eael-grid-post-holder-inner\"><div class=\"eael-entry-media\"><div class=\"eael-entry-overlay fade-in\"><i class=\"fas fa-long-arrow-alt-right\" aria-hidden=\"true\"><\/i><a href=\"https:\/\/www.sivelectro.ro\/en\/aplicatii-medicale-pentru-controlul-izolatiei-in-salile-de-operatii\/\"><\/a><\/div><div class=\"eael-entry-thumbnail \">\n                <img decoding=\"async\" width=\"768\" height=\"563\" src=\"https:\/\/www.sivelectro.ro\/wp-content\/uploads\/2026\/03\/WhatsApp-Image-2026-03-04-at-10.23.42.jpeg\" class=\"attachment-medium_large size-medium_large wp-image-2091\" alt=\"\" \/>\n            <\/div>\n        <\/div><div class=\"eael-entry-wrapper\"><header class=\"eael-entry-header\"><h2 class=\"eael-entry-title\"><a class=\"eael-grid-post-link\" href=\"https:\/\/www.sivelectro.ro\/en\/aplicatii-medicale-pentru-controlul-izolatiei-in-salile-de-operatii\/\" title=\"Aplicatii medicale pentru controlul izolatiei in salile de operatii\">Aplicatii medicale pentru controlul izolatiei in salile de operatii<\/a><\/h2><\/header><div class=\"eael-entry-content\">\n                        <div class=\"eael-grid-post-excerpt\"><p>Solu\u021bii fiabile pentru realizarea tablourilor electrice pentru amplasamentele medicale de grupa 2<\/p><a href=\"https:\/\/www.sivelectro.ro\/en\/aplicatii-medicale-pentru-controlul-izolatiei-in-salile-de-operatii\/\" class=\"eael-post-elements-readmore-btn\">Vezi detalii<\/a><\/div>\n                    <\/div><div class=\"eael-entry-footer\"><div class=\"eael-entry-meta\"><\/div><\/div><\/div><\/div>\n        <\/div>\n    <\/article><article class=\"eael-grid-post  eael-post-grid-column eael-pg-post-1699 category-noutati\" data-id=\"1699\">\n        <div class=\"eael-grid-post-holder\">\n            <div class=\"eael-grid-post-holder-inner\"><div class=\"eael-entry-media\"><div class=\"eael-entry-overlay fade-in\"><i class=\"fas fa-long-arrow-alt-right\" aria-hidden=\"true\"><\/i><a href=\"https:\/\/www.sivelectro.ro\/en\/rezistente-de-incalzire-in-carcasa-de-tip-loop\/\"><\/a><\/div><div class=\"eael-entry-thumbnail \">\n                <img loading=\"lazy\" decoding=\"async\" width=\"768\" height=\"480\" src=\"https:\/\/www.sivelectro.ro\/wp-content\/uploads\/2023\/08\/LOOP-Heater-Produktfamilie-klein-768x480.webp\" class=\"attachment-medium_large size-medium_large wp-image-1701\" alt=\"\" srcset=\"https:\/\/www.sivelectro.ro\/wp-content\/uploads\/2023\/08\/LOOP-Heater-Produktfamilie-klein-768x480.webp 768w, https:\/\/www.sivelectro.ro\/wp-content\/uploads\/2023\/08\/LOOP-Heater-Produktfamilie-klein-300x188.webp 300w, https:\/\/www.sivelectro.ro\/wp-content\/uploads\/2023\/08\/LOOP-Heater-Produktfamilie-klein-18x12.webp 18w, https:\/\/www.sivelectro.ro\/wp-content\/uploads\/2023\/08\/LOOP-Heater-Produktfamilie-klein.webp 900w\" sizes=\"(max-width: 768px) 100vw, 768px\" \/>\n            <\/div>\n        <\/div><div class=\"eael-entry-wrapper\"><header class=\"eael-entry-header\"><h2 class=\"eael-entry-title\"><a class=\"eael-grid-post-link\" href=\"https:\/\/www.sivelectro.ro\/en\/rezistente-de-incalzire-in-carcasa-de-tip-loop\/\" title=\"Rezisten\u021be de \u00eenc\u0103lzire \u00een carcas\u0103 de tip Loop\">Rezisten\u021be de \u00eenc\u0103lzire \u00een carcas\u0103 de tip Loop<\/a><\/h2><\/header><div class=\"eael-entry-content\">\n                        <div class=\"eael-grid-post-excerpt\"><p>Specialistul \u00een managementul termic STEGO prezint\u0103 rezisten\u021bele de \u00eenc\u0103lzire \u00een carcas\u0103 cu o form\u0103 inovatoare, de tip bucl\u0103, cu caracteristici tehnice superioare. Compania ofer\u0103\u00a0 cinci serii de rezisten\u021be de \u00eenc\u0103lzire cu o putere cuprins\u0103 \u00eentre 10 \u0219i 150 W, pentru aplica\u021bii de management termic. Semiconductorul utilizat certific\u0103 utilizarea chiar \u0219i \u00een condi\u021bii extreme, \u0219ocuri \u0219i\/sau [&hellip;]<\/p><a href=\"https:\/\/www.sivelectro.ro\/en\/rezistente-de-incalzire-in-carcasa-de-tip-loop\/\" class=\"eael-post-elements-readmore-btn\">Vezi detalii<\/a><\/div>\n                    <\/div><div class=\"eael-entry-footer\"><div class=\"eael-entry-meta\"><\/div><\/div><\/div><\/div>\n        <\/div>\n    <\/article><article class=\"eael-grid-post  eael-post-grid-column eael-pg-post-232 category-noutati\" data-id=\"232\">\n        <div class=\"eael-grid-post-holder\">\n            <div class=\"eael-grid-post-holder-inner\"><div class=\"eael-entry-media\"><div class=\"eael-entry-overlay fade-in\"><i class=\"fas fa-long-arrow-alt-right\" aria-hidden=\"true\"><\/i><a href=\"https:\/\/www.sivelectro.ro\/en\/cts-ctv-medie-tensiune\/\"><\/a><\/div><div class=\"eael-entry-thumbnail \">\n                <img loading=\"lazy\" decoding=\"async\" width=\"380\" height=\"230\" src=\"https:\/\/www.sivelectro.ro\/wp-content\/uploads\/2023\/05\/poza-noutati.png\" class=\"attachment-medium_large size-medium_large wp-image-235\" alt=\"\" srcset=\"https:\/\/www.sivelectro.ro\/wp-content\/uploads\/2023\/05\/poza-noutati.png 380w, https:\/\/www.sivelectro.ro\/wp-content\/uploads\/2023\/05\/poza-noutati-300x182.png 300w\" sizes=\"(max-width: 380px) 100vw, 380px\" \/>\n            <\/div>\n        <\/div><div class=\"eael-entry-wrapper\"><header class=\"eael-entry-header\"><h2 class=\"eael-entry-title\"><a class=\"eael-grid-post-link\" href=\"https:\/\/www.sivelectro.ro\/en\/cts-ctv-medie-tensiune\/\" title=\"CTS \/ CTV \u2013 Medie tensiune\">CTS \/ CTV \u2013 Medie tensiune<\/a><\/h2><\/header><div class=\"eael-entry-content\">\n                        <div class=\"eael-grid-post-excerpt\"><p>CTS\/CTV &ndash; Transformatoare de curent pentru medie tensiune. Tensiune maxima de operare: 7.2kV, 12kV, 17.5kV, 24kV. Curent nominal in primar: 25A &ndash; 3000A Clasa de exactitate: 1, 0.5, 0.5S, 0.2, 0.2S Clase de protectie: 5P5, 5P10, 5P20, 5P30, 10P5, 10P10, 10P20, 10P30. Vezi detalii<\/p><a href=\"https:\/\/www.sivelectro.ro\/en\/cts-ctv-medie-tensiune\/\" class=\"eael-post-elements-readmore-btn\">Vezi detalii<\/a><\/div>\n                    <\/div><div class=\"eael-entry-footer\"><div class=\"eael-entry-meta\"><\/div><\/div><\/div><\/div>\n        <\/div>\n    <\/article><article class=\"eael-grid-post  eael-post-grid-column eael-pg-post-226 category-noutati\" data-id=\"226\">\n        <div class=\"eael-grid-post-holder\">\n            <div class=\"eael-grid-post-holder-inner\"><div class=\"eael-entry-media\"><div class=\"eael-entry-overlay fade-in\"><i class=\"fas fa-long-arrow-alt-right\" aria-hidden=\"true\"><\/i><a href=\"https:\/\/www.sivelectro.ro\/en\/ctb-cage-clamp\/\"><\/a><\/div><div class=\"eael-entry-thumbnail \">\n                <img loading=\"lazy\" decoding=\"async\" width=\"380\" height=\"230\" src=\"https:\/\/www.sivelectro.ro\/wp-content\/uploads\/2023\/05\/CTB-POZA-noutati.png\" class=\"attachment-medium_large size-medium_large wp-image-228\" alt=\"\" srcset=\"https:\/\/www.sivelectro.ro\/wp-content\/uploads\/2023\/05\/CTB-POZA-noutati.png 380w, https:\/\/www.sivelectro.ro\/wp-content\/uploads\/2023\/05\/CTB-POZA-noutati-300x182.png 300w\" sizes=\"(max-width: 380px) 100vw, 380px\" \/>\n            <\/div>\n        <\/div><div class=\"eael-entry-wrapper\"><header class=\"eael-entry-header\"><h2 class=\"eael-entry-title\"><a class=\"eael-grid-post-link\" href=\"https:\/\/www.sivelectro.ro\/en\/ctb-cage-clamp\/\" title=\"CTB \u2013 Cage-clamp\">CTB \u2013 Cage-clamp<\/a><\/h2><\/header><div class=\"eael-entry-content\">\n                        <div class=\"eael-grid-post-excerpt\"><p>CTB &ndash; O nou\u0103 gam\u0103 de transformatoare de curent, cu borne rapide CTB 31.35, CTB 41.35, CTB 51.35 CTB 61.35, CTB 81.35, CTB 101.35 Curent nominal in primar: 50A &ndash; 2500A Dimensiune bar\u0103 rigid\u0103: 30\/40\/50\/63\/80\/100 x 10mm Diametru conductor: 25 &ndash; 70mm Vezi detalii<\/p><a href=\"https:\/\/www.sivelectro.ro\/en\/ctb-cage-clamp\/\" class=\"eael-post-elements-readmore-btn\">Vezi detalii<\/a><\/div>\n                    <\/div><div class=\"eael-entry-footer\"><div class=\"eael-entry-meta\"><\/div><\/div><\/div><\/div>\n        <\/div>\n    <\/article><article class=\"eael-grid-post  eael-post-grid-column eael-pg-post-198 category-noutati\" data-id=\"198\">\n        <div class=\"eael-grid-post-holder\">\n            <div class=\"eael-grid-post-holder-inner\"><div class=\"eael-entry-media\"><div class=\"eael-entry-overlay fade-in\"><i class=\"fas fa-long-arrow-alt-right\" aria-hidden=\"true\"><\/i><a href=\"https:\/\/www.sivelectro.ro\/en\/kbr-compact-split-core\/\"><\/a><\/div><div class=\"eael-entry-thumbnail \">\n                <img loading=\"lazy\" decoding=\"async\" width=\"380\" height=\"230\" src=\"https:\/\/www.sivelectro.ro\/wp-content\/uploads\/2023\/05\/KBR-POZA-noutati.png\" class=\"attachment-medium_large size-medium_large wp-image-199\" alt=\"\" srcset=\"https:\/\/www.sivelectro.ro\/wp-content\/uploads\/2023\/05\/KBR-POZA-noutati.png 380w, https:\/\/www.sivelectro.ro\/wp-content\/uploads\/2023\/05\/KBR-POZA-noutati-300x182.png 300w\" sizes=\"(max-width: 380px) 100vw, 380px\" \/>\n            <\/div>\n        <\/div><div class=\"eael-entry-wrapper\"><header class=\"eael-entry-header\"><h2 class=\"eael-entry-title\"><a class=\"eael-grid-post-link\" href=\"https:\/\/www.sivelectro.ro\/en\/kbr-compact-split-core\/\" title=\"KBR \u2013 Compact Split-core\">KBR \u2013 Compact Split-core<\/a><\/h2><\/header><div class=\"eael-entry-content\">\n                        <div class=\"eael-grid-post-excerpt\"><p>KBR &ndash; transformatoare de curent pentru conductoare clipsabile KBR 18: Curent nominal in primar 50A &ndash; 250A Diametru conductor: 18.5mm KBR 32: Curent nominal in primar 100A &ndash; 600A Diametru conductor: 32.5mm KBR 44: Curent nominal in primar 250A &ndash; 1000A Diametru conductor: 44mm Vezi detalii<\/p><a href=\"https:\/\/www.sivelectro.ro\/en\/kbr-compact-split-core\/\" class=\"eael-post-elements-readmore-btn\">Vezi detalii<\/a><\/div>\n                    <\/div><div class=\"eael-entry-footer\"><div class=\"eael-entry-meta\"><\/div><\/div><\/div><\/div>\n        <\/div>\n    <\/article><\/div>\n            <div class=\"clearfix\"><\/div>\n        <\/div>\t\t\t\t<\/div>\n\t\t\t\t<\/div>\n\t\t\t\t\t<\/div>\n\t\t<\/div>\n\t\t\t\t\t<\/div>\n\t\t<\/section>\n\t\t\t\t<\/div>\n\t\t","protected":false},"excerpt":{"rendered":"<p>Nout\u0103\u021bi The power of knolwedge CTS \/ CTV \u2013 Medie tensiune CTS\/CTV \u2013 Transformatoare de curent pentru medie tensiune. Tensiune maxima de operare: 7.2kV, 12kV, 17.5kV, 24kV. Curent nominal in primar: 25A \u2013 3000A Clasa de exactitate: 1, 0.5, 0.5S, 0.2, 0.2S Clase de protectie: 5P5, 5P10, 5P20, 5P30, 10P5, 10P10, 10P20, 10P30. Vezi detalii [&hellip;]<\/p>\n","protected":false},"author":1,"featured_media":0,"parent":0,"menu_order":0,"comment_status":"closed","ping_status":"closed","template":"","meta":{"footnotes":""},"class_list":["post-185","page","type-page","status-publish","hentry"],"_links":{"self":[{"href":"https:\/\/www.sivelectro.ro\/en\/wp-json\/wp\/v2\/pages\/185","targetHints":{"allow":["GET"]}}],"collection":[{"href":"https:\/\/www.sivelectro.ro\/en\/wp-json\/wp\/v2\/pages"}],"about":[{"href":"https:\/\/www.sivelectro.ro\/en\/wp-json\/wp\/v2\/types\/page"}],"author":[{"embeddable":true,"href":"https:\/\/www.sivelectro.ro\/en\/wp-json\/wp\/v2\/users\/1"}],"replies":[{"embeddable":true,"href":"https:\/\/www.sivelectro.ro\/en\/wp-json\/wp\/v2\/comments?post=185"}],"version-history":[{"count":29,"href":"https:\/\/www.sivelectro.ro\/en\/wp-json\/wp\/v2\/pages\/185\/revisions"}],"predecessor-version":[{"id":1678,"href":"https:\/\/www.sivelectro.ro\/en\/wp-json\/wp\/v2\/pages\/185\/revisions\/1678"}],"wp:attachment":[{"href":"https:\/\/www.sivelectro.ro\/en\/wp-json\/wp\/v2\/media?parent=185"}],"curies":[{"name":"wp","href":"https:\/\/api.w.org\/{rel}","templated":true}]}}