{"id":1229,"date":"2023-07-19T16:47:38","date_gmt":"2023-07-19T16:47:38","guid":{"rendered":"https:\/\/siv.agentweb.ro\/?page_id=1229"},"modified":"2023-09-20T16:26:36","modified_gmt":"2023-09-20T16:26:36","slug":"socomec","status":"publish","type":"page","link":"https:\/\/www.sivelectro.ro\/en\/parteneri\/socomec\/","title":{"rendered":"Socomec"},"content":{"rendered":"<div data-elementor-type=\"wp-page\" data-elementor-id=\"1229\" class=\"elementor elementor-1229\">\n\t\t\t\t\t\t<section class=\"elementor-section elementor-top-section elementor-element elementor-element-567bdeea elementor-section-boxed elementor-section-height-default elementor-section-height-default\" data-id=\"567bdeea\" data-element_type=\"section\" data-e-type=\"section\">\n\t\t\t\t\t\t<div class=\"elementor-container elementor-column-gap-default\">\n\t\t\t\t\t<div class=\"elementor-column elementor-col-100 elementor-top-column elementor-element elementor-element-6dabd57\" data-id=\"6dabd57\" data-element_type=\"column\" data-e-type=\"column\">\n\t\t\t<div class=\"elementor-widget-wrap elementor-element-populated\">\n\t\t\t\t\t\t<div class=\"elementor-element elementor-element-0beafbf elementor-widget elementor-widget-image\" data-id=\"0beafbf\" data-element_type=\"widget\" data-e-type=\"widget\" data-widget_type=\"image.default\">\n\t\t\t\t<div class=\"elementor-widget-container\">\n\t\t\t\t\t\t\t\t\t\t\t\t\t\t\t\t<a href=\"https:\/\/www.socomec.ro\" target=\"_blank\" rel=\"nofollow\">\n\t\t\t\t\t\t\t<img decoding=\"async\" width=\"300\" height=\"56\" src=\"https:\/\/www.sivelectro.ro\/wp-content\/uploads\/2023\/07\/logo_SOCOMEC-300x56.jpeg\" class=\"attachment-medium size-medium wp-image-1231\" alt=\"\" srcset=\"https:\/\/www.sivelectro.ro\/wp-content\/uploads\/2023\/07\/logo_SOCOMEC-300x56.jpeg 300w, https:\/\/www.sivelectro.ro\/wp-content\/uploads\/2023\/07\/logo_SOCOMEC-768x143.jpeg 768w, https:\/\/www.sivelectro.ro\/wp-content\/uploads\/2023\/07\/logo_SOCOMEC-18x3.jpeg 18w, https:\/\/www.sivelectro.ro\/wp-content\/uploads\/2023\/07\/logo_SOCOMEC.jpeg 820w\" sizes=\"(max-width: 300px) 100vw, 300px\" \/>\t\t\t\t\t\t\t\t<\/a>\n\t\t\t\t\t\t\t\t\t\t\t\t\t\t\t<\/div>\n\t\t\t\t<\/div>\n\t\t\t\t<div class=\"elementor-element elementor-element-63a5cfb elementor-widget elementor-widget-heading\" data-id=\"63a5cfb\" data-element_type=\"widget\" data-e-type=\"widget\" data-widget_type=\"heading.default\">\n\t\t\t\t<div class=\"elementor-widget-container\">\n\t\t\t\t\t<h1 class=\"elementor-heading-title elementor-size-default\">Innovative power solutions<\/h1>\t\t\t\t<\/div>\n\t\t\t\t<\/div>\n\t\t\t\t<div class=\"elementor-element elementor-element-3375362 elementor-widget elementor-widget-text-editor\" data-id=\"3375362\" data-element_type=\"widget\" data-e-type=\"widget\" data-widget_type=\"text-editor.default\">\n\t\t\t\t<div class=\"elementor-widget-container\">\n\t\t\t\t\t\t\t\t\t<p class=\"translation-block\">Founded in 1922, Socomec is an industrial group with 3,100 employees.\nOur main field of activity is the availability, control and safety of low-voltage electrical networks, with a strong focus on the power supply performance of our customers.<\/p>\t\t\t\t\t\t\t\t<\/div>\n\t\t\t\t<\/div>\n\t\t\t\t\t<\/div>\n\t\t<\/div>\n\t\t\t\t\t<\/div>\n\t\t<\/section>\n\t\t\t\t<section class=\"elementor-section elementor-top-section elementor-element elementor-element-2cf83891 elementor-section-content-middle partenerSection elementor-section-boxed elementor-section-height-default elementor-section-height-default\" data-id=\"2cf83891\" data-element_type=\"section\" data-e-type=\"section\">\n\t\t\t\t\t\t<div class=\"elementor-container elementor-column-gap-default\">\n\t\t\t\t\t<div class=\"elementor-column elementor-col-50 elementor-top-column elementor-element elementor-element-1a70bb71\" data-id=\"1a70bb71\" data-element_type=\"column\" data-e-type=\"column\">\n\t\t\t<div class=\"elementor-widget-wrap elementor-element-populated\">\n\t\t\t\t\t\t<div class=\"elementor-element elementor-element-4c6d7d7e elementor-widget elementor-widget-heading\" data-id=\"4c6d7d7e\" data-element_type=\"widget\" data-e-type=\"widget\" data-widget_type=\"heading.default\">\n\t\t\t\t<div class=\"elementor-widget-container\">\n\t\t\t\t\t<h6 class=\"elementor-heading-title elementor-size-default\">Socomec<\/h6>\t\t\t\t<\/div>\n\t\t\t\t<\/div>\n\t\t\t\t<div class=\"elementor-element elementor-element-32d60754 elementor-widget elementor-widget-text-editor\" data-id=\"32d60754\" data-element_type=\"widget\" data-e-type=\"widget\" data-widget_type=\"text-editor.default\">\n\t\t\t\t<div class=\"elementor-widget-container\">\n\t\t\t\t\t\t\t\t\t<h5>Energy conversion<\/h5>\n<ul>\n \t<li>Protection of IT equipment and networks - UPS.<\/li>\n<\/ul>\n<h5>Power switching<\/h5>\n<ul>\n \t<li>Switching and securing electrical installations.<\/li>\n \t<li>Continuity of energy supply and distribution of electricity.<\/li>\n \t<li>Protection for installations, equipment and people.<\/li>\n<\/ul>\n<h5>Power monitoring<\/h5>\n<ul>\n \t<li>Measurement and centralization of energy consumption.<\/li>\n<\/ul>\t\t\t\t\t\t\t\t<\/div>\n\t\t\t\t<\/div>\n\t\t\t\t\t<\/div>\n\t\t<\/div>\n\t\t\t\t<div class=\"elementor-column elementor-col-50 elementor-top-column elementor-element elementor-element-3499f32b\" data-id=\"3499f32b\" data-element_type=\"column\" data-e-type=\"column\">\n\t\t\t<div class=\"elementor-widget-wrap elementor-element-populated\">\n\t\t\t\t\t\t<div class=\"elementor-element elementor-element-183e694 elementor-arrows-position-inside elementor-pagination-position-outside elementor-widget elementor-widget-image-carousel\" data-id=\"183e694\" data-element_type=\"widget\" data-e-type=\"widget\" data-settings=\"{&quot;slides_to_show&quot;:&quot;1&quot;,&quot;navigation&quot;:&quot;both&quot;,&quot;autoplay&quot;:&quot;yes&quot;,&quot;pause_on_hover&quot;:&quot;yes&quot;,&quot;pause_on_interaction&quot;:&quot;yes&quot;,&quot;autoplay_speed&quot;:5000,&quot;infinite&quot;:&quot;yes&quot;,&quot;effect&quot;:&quot;slide&quot;,&quot;speed&quot;:500}\" data-widget_type=\"image-carousel.default\">\n\t\t\t\t<div class=\"elementor-widget-container\">\n\t\t\t\t\t\t\t<div class=\"elementor-image-carousel-wrapper swiper\" role=\"region\" aria-roledescription=\"carousel\" aria-label=\"Carusel de imagini\" dir=\"ltr\">\n\t\t\t<div class=\"elementor-image-carousel swiper-wrapper\" aria-live=\"off\">\n\t\t\t\t\t\t\t\t<div class=\"swiper-slide\" role=\"group\" aria-roledescription=\"slide\" aria-label=\"1 din 3\"><a data-elementor-open-lightbox=\"yes\" data-elementor-lightbox-slideshow=\"183e694\" data-elementor-lightbox-title=\"atys-mp_001_b_tel\" data-e-action-hash=\"#elementor-action%3Aaction%3Dlightbox%26settings%3DeyJpZCI6MTIzNSwidXJsIjoiaHR0cHM6XC9cL3d3dy5zaXZlbGVjdHJvLnJvXC93cC1jb250ZW50XC91cGxvYWRzXC8yMDIzXC8wN1wvYXR5cy1tcF8wMDFfYl90ZWwuanBnIiwic2xpZGVzaG93IjoiMTgzZTY5NCJ9\" href=\"https:\/\/www.sivelectro.ro\/wp-content\/uploads\/2023\/07\/atys-mp_001_b_tel.jpg\"><figure class=\"swiper-slide-inner\"><img decoding=\"async\" class=\"swiper-slide-image\" src=\"https:\/\/www.sivelectro.ro\/wp-content\/uploads\/2023\/07\/atys-mp_001_b_tel.jpg\" alt=\"atys-mp_001_b_tel\" \/><\/figure><\/a><\/div><div class=\"swiper-slide\" role=\"group\" aria-roledescription=\"slide\" aria-label=\"2 din 3\"><a data-elementor-open-lightbox=\"yes\" data-elementor-lightbox-slideshow=\"183e694\" data-elementor-lightbox-title=\"gamme_271_a\" data-e-action-hash=\"#elementor-action%3Aaction%3Dlightbox%26settings%3DeyJpZCI6MTIzNCwidXJsIjoiaHR0cHM6XC9cL3d3dy5zaXZlbGVjdHJvLnJvXC93cC1jb250ZW50XC91cGxvYWRzXC8yMDIzXC8wN1wvZ2FtbWVfMjcxX2EuanBlZyIsInNsaWRlc2hvdyI6IjE4M2U2OTQifQ%3D%3D\" href=\"https:\/\/www.sivelectro.ro\/wp-content\/uploads\/2023\/07\/gamme_271_a.jpeg\"><figure class=\"swiper-slide-inner\"><img decoding=\"async\" class=\"swiper-slide-image\" src=\"https:\/\/www.sivelectro.ro\/wp-content\/uploads\/2023\/07\/gamme_271_a.jpeg\" alt=\"gamme_271_a\" \/><\/figure><\/a><\/div><div class=\"swiper-slide\" role=\"group\" aria-roledescription=\"slide\" aria-label=\"3 din 3\"><a data-elementor-open-lightbox=\"yes\" data-elementor-lightbox-slideshow=\"183e694\" data-elementor-lightbox-title=\"gamme_072_b_tel\" data-e-action-hash=\"#elementor-action%3Aaction%3Dlightbox%26settings%3DeyJpZCI6MTIzMywidXJsIjoiaHR0cHM6XC9cL3d3dy5zaXZlbGVjdHJvLnJvXC93cC1jb250ZW50XC91cGxvYWRzXC8yMDIzXC8wN1wvZ2FtbWVfMDcyX2JfdGVsLmpwZyIsInNsaWRlc2hvdyI6IjE4M2U2OTQifQ%3D%3D\" href=\"https:\/\/www.sivelectro.ro\/wp-content\/uploads\/2023\/07\/gamme_072_b_tel.jpg\"><figure class=\"swiper-slide-inner\"><img decoding=\"async\" class=\"swiper-slide-image\" src=\"https:\/\/www.sivelectro.ro\/wp-content\/uploads\/2023\/07\/gamme_072_b_tel.jpg\" alt=\"gamme_072_b_tel\" \/><\/figure><\/a><\/div>\t\t\t<\/div>\n\t\t\t\t\t\t\t\t\t\t\t\t<div class=\"elementor-swiper-button elementor-swiper-button-prev\" role=\"button\" tabindex=\"0\">\n\t\t\t\t\t\t<i aria-hidden=\"true\" class=\"eicon-chevron-left\"><\/i>\t\t\t\t\t<\/div>\n\t\t\t\t\t<div class=\"elementor-swiper-button elementor-swiper-button-next\" role=\"button\" tabindex=\"0\">\n\t\t\t\t\t\t<i aria-hidden=\"true\" class=\"eicon-chevron-right\"><\/i>\t\t\t\t\t<\/div>\n\t\t\t\t\n\t\t\t\t\t\t\t\t\t<div class=\"swiper-pagination\"><\/div>\n\t\t\t\t\t\t\t\t\t<\/div>\n\t\t\t\t\t\t<\/div>\n\t\t\t\t<\/div>\n\t\t\t\t\t<\/div>\n\t\t<\/div>\n\t\t\t\t\t<\/div>\n\t\t<\/section>\n\t\t\t\t<section class=\"elementor-section elementor-top-section elementor-element elementor-element-38cce5c elementor-section-boxed elementor-section-height-default elementor-section-height-default\" data-id=\"38cce5c\" data-element_type=\"section\" data-e-type=\"section\">\n\t\t\t\t\t\t<div class=\"elementor-container elementor-column-gap-default\">\n\t\t\t\t\t<div class=\"elementor-column elementor-col-100 elementor-top-column elementor-element elementor-element-5faafd4\" data-id=\"5faafd4\" data-element_type=\"column\" data-e-type=\"column\">\n\t\t\t<div class=\"elementor-widget-wrap elementor-element-populated\">\n\t\t\t\t\t\t<div class=\"elementor-element elementor-element-abc78b8 elementor-align-center elementor-widget elementor-widget-button\" data-id=\"abc78b8\" data-element_type=\"widget\" data-e-type=\"widget\" data-widget_type=\"button.default\">\n\t\t\t\t<div class=\"elementor-widget-container\">\n\t\t\t\t\t\t\t\t\t<div class=\"elementor-button-wrapper\">\n\t\t\t\t\t<a class=\"elementor-button elementor-button-link elementor-size-lg\" href=\"\/wp-content\/uploads\/2023\/09\/SOLUTIONS-FOR-POWER-CONTROL-SAFETY-ENERGY-EFFICIENCY_CATALOGUE-GENERAL_2022-10_DCG0000308EN_EN.pdf\">\n\t\t\t\t\t\t<span class=\"elementor-button-content-wrapper\">\n\t\t\t\t\t\t\t\t\t<span class=\"elementor-button-text\">Download catalog<\/span>\n\t\t\t\t\t<\/span>\n\t\t\t\t\t<\/a>\n\t\t\t\t<\/div>\n\t\t\t\t\t\t\t\t<\/div>\n\t\t\t\t<\/div>\n\t\t\t\t\t<\/div>\n\t\t<\/div>\n\t\t\t\t\t<\/div>\n\t\t<\/section>\n\t\t\t\t<\/div>","protected":false},"excerpt":{"rendered":"<p>Solu\u021bii inovatoare de energie \u00cenfiin\u0163at \u00een 1922, Socomec este un grup industrial cu 3.100 de angaja\u0163i.Domeniul nostru principal de activitate \u00eel reprezint\u0103 disponibilitatea, controlul \u015fi siguran\u0163a re\u0163elelor electrice de joas\u0103 tensiune, cu un accent sporit pe performan\u0163ele de alimentare ale clien\u0163ilor no\u015ftri. Socomec Conversia energiei Protejarea echipamentelor \u015fi re\u0163elelor IT &#8211; UPSuri. Comutarea alimentarii Comutarea [&hellip;]<\/p>\n","protected":false},"author":1,"featured_media":0,"parent":385,"menu_order":0,"comment_status":"closed","ping_status":"closed","template":"","meta":{"footnotes":""},"class_list":["post-1229","page","type-page","status-publish","hentry"],"_links":{"self":[{"href":"https:\/\/www.sivelectro.ro\/en\/wp-json\/wp\/v2\/pages\/1229","targetHints":{"allow":["GET"]}}],"collection":[{"href":"https:\/\/www.sivelectro.ro\/en\/wp-json\/wp\/v2\/pages"}],"about":[{"href":"https:\/\/www.sivelectro.ro\/en\/wp-json\/wp\/v2\/types\/page"}],"author":[{"embeddable":true,"href":"https:\/\/www.sivelectro.ro\/en\/wp-json\/wp\/v2\/users\/1"}],"replies":[{"embeddable":true,"href":"https:\/\/www.sivelectro.ro\/en\/wp-json\/wp\/v2\/comments?post=1229"}],"version-history":[{"count":19,"href":"https:\/\/www.sivelectro.ro\/en\/wp-json\/wp\/v2\/pages\/1229\/revisions"}],"predecessor-version":[{"id":2026,"href":"https:\/\/www.sivelectro.ro\/en\/wp-json\/wp\/v2\/pages\/1229\/revisions\/2026"}],"up":[{"embeddable":true,"href":"https:\/\/www.sivelectro.ro\/en\/wp-json\/wp\/v2\/pages\/385"}],"wp:attachment":[{"href":"https:\/\/www.sivelectro.ro\/en\/wp-json\/wp\/v2\/media?parent=1229"}],"curies":[{"name":"wp","href":"https:\/\/api.w.org\/{rel}","templated":true}]}}