{"id":1217,"date":"2023-07-19T16:30:26","date_gmt":"2023-07-19T16:30:26","guid":{"rendered":"https:\/\/siv.agentweb.ro\/?page_id=1217"},"modified":"2023-08-16T08:36:00","modified_gmt":"2023-08-16T08:36:00","slug":"cimco","status":"publish","type":"page","link":"https:\/\/www.sivelectro.ro\/en\/parteneri\/cimco\/","title":{"rendered":"Cimco"},"content":{"rendered":"<div data-elementor-type=\"wp-page\" data-elementor-id=\"1217\" class=\"elementor elementor-1217\">\n\t\t\t\t\t\t<section class=\"elementor-section elementor-top-section elementor-element elementor-element-567bdeea elementor-section-boxed elementor-section-height-default elementor-section-height-default\" data-id=\"567bdeea\" data-element_type=\"section\" data-e-type=\"section\">\n\t\t\t\t\t\t<div class=\"elementor-container elementor-column-gap-default\">\n\t\t\t\t\t<div class=\"elementor-column elementor-col-100 elementor-top-column elementor-element elementor-element-6dabd57\" data-id=\"6dabd57\" data-element_type=\"column\" data-e-type=\"column\">\n\t\t\t<div class=\"elementor-widget-wrap elementor-element-populated\">\n\t\t\t\t\t\t<div class=\"elementor-element elementor-element-0beafbf elementor-widget elementor-widget-image\" data-id=\"0beafbf\" data-element_type=\"widget\" data-e-type=\"widget\" data-widget_type=\"image.default\">\n\t\t\t\t<div class=\"elementor-widget-container\">\n\t\t\t\t\t\t\t\t\t\t\t\t\t\t\t\t<a href=\"https:\/\/www.cimco-international.com\/\" target=\"_blank\" rel=\"nofollow\">\n\t\t\t\t\t\t\t<img fetchpriority=\"high\" decoding=\"async\" width=\"500\" height=\"169\" src=\"https:\/\/www.sivelectro.ro\/wp-content\/uploads\/2023\/07\/CIMCO_Logo_4c.jpg\" class=\"attachment-large size-large wp-image-1219\" alt=\"\" srcset=\"https:\/\/www.sivelectro.ro\/wp-content\/uploads\/2023\/07\/CIMCO_Logo_4c.jpg 500w, https:\/\/www.sivelectro.ro\/wp-content\/uploads\/2023\/07\/CIMCO_Logo_4c-300x101.jpg 300w, https:\/\/www.sivelectro.ro\/wp-content\/uploads\/2023\/07\/CIMCO_Logo_4c-18x6.jpg 18w\" sizes=\"(max-width: 500px) 100vw, 500px\" \/>\t\t\t\t\t\t\t\t<\/a>\n\t\t\t\t\t\t\t\t\t\t\t\t\t\t\t<\/div>\n\t\t\t\t<\/div>\n\t\t\t\t<div class=\"elementor-element elementor-element-63a5cfb elementor-widget elementor-widget-heading\" data-id=\"63a5cfb\" data-element_type=\"widget\" data-e-type=\"widget\" data-widget_type=\"heading.default\">\n\t\t\t\t<div class=\"elementor-widget-container\">\n\t\t\t\t\t<h1 class=\"elementor-heading-title elementor-size-default\">The tool manufacturer from Bergisches Land<\/h1>\t\t\t\t<\/div>\n\t\t\t\t<\/div>\n\t\t\t\t<div class=\"elementor-element elementor-element-3375362 elementor-widget elementor-widget-text-editor\" data-id=\"3375362\" data-element_type=\"widget\" data-e-type=\"widget\" data-widget_type=\"text-editor.default\">\n\t\t\t\t<div class=\"elementor-widget-container\">\n\t\t\t\t\t\t\t\t\t<p>Since its foundation in 1827 CIMCO is one of the leading brands for the traditional electrician.<\/p><p>Now managed by the sixth generation, the company has always remained true to its philosophy of selling tools which meet the highest possible requirements of professionals. This requires the use of the best possible materials, professional workmanship and quality control as well as the continuous adjustment to individual customer needs and new technological challenges. This has allowed the company to successfully develop from a once regionally active plier factory to an internationally recognised brand of high quality manual tools.\nThrough intensive relationships with customers and users, CIMCO continually succeeds in positioning equally high quality, innovative tools in a comprehensive service package on the market in addition to the 8,000 articles permanently in stock.<\/p>\t\t\t\t\t\t\t\t<\/div>\n\t\t\t\t<\/div>\n\t\t\t\t\t<\/div>\n\t\t<\/div>\n\t\t\t\t\t<\/div>\n\t\t<\/section>\n\t\t\t\t<section class=\"elementor-section elementor-top-section elementor-element elementor-element-2cf83891 elementor-section-content-middle partenerSection elementor-section-boxed elementor-section-height-default elementor-section-height-default\" data-id=\"2cf83891\" data-element_type=\"section\" data-e-type=\"section\">\n\t\t\t\t\t\t<div class=\"elementor-container elementor-column-gap-default\">\n\t\t\t\t\t<div class=\"elementor-column elementor-col-50 elementor-top-column elementor-element elementor-element-1a70bb71\" data-id=\"1a70bb71\" data-element_type=\"column\" data-e-type=\"column\">\n\t\t\t<div class=\"elementor-widget-wrap elementor-element-populated\">\n\t\t\t\t\t\t<div class=\"elementor-element elementor-element-4c6d7d7e elementor-widget elementor-widget-heading\" data-id=\"4c6d7d7e\" data-element_type=\"widget\" data-e-type=\"widget\" data-widget_type=\"heading.default\">\n\t\t\t\t<div class=\"elementor-widget-container\">\n\t\t\t\t\t<h6 class=\"elementor-heading-title elementor-size-default\">Cimco<\/h6>\t\t\t\t<\/div>\n\t\t\t\t<\/div>\n\t\t\t\t<div class=\"elementor-element elementor-element-365addb elementor-widget elementor-widget-heading\" data-id=\"365addb\" data-element_type=\"widget\" data-e-type=\"widget\" data-widget_type=\"heading.default\">\n\t\t\t\t<div class=\"elementor-widget-container\">\n\t\t\t\t\t<h2 class=\"elementor-heading-title elementor-size-default\">CIMCO Quality Tools<\/h2>\t\t\t\t<\/div>\n\t\t\t\t<\/div>\n\t\t\t\t<div class=\"elementor-element elementor-element-32d60754 elementor-widget elementor-widget-text-editor\" data-id=\"32d60754\" data-element_type=\"widget\" data-e-type=\"widget\" data-widget_type=\"text-editor.default\">\n\t\t\t\t<div class=\"elementor-widget-container\">\n\t\t\t\t\t\t\t\t\t<ul>\n<li>Tools cases<\/li>\n<li>Tools bags<\/li>\n<li>Storage and transport systems<\/li>\n<li>Pliers<\/li>\n<li>Screwdrivers and precision screwdrivers<\/li>\n<li>Screwing tools<\/li>\n<li>Measuring and testing instruments<\/li>\n<li>Cable spooling and cable pulling aids<\/li>\n<li>Shears<\/li>\n<li>Wire stripping tools<\/li>\n<li>Saws, Pipe cutters<\/li>\n<li>Drills, Hole saws, Diamond tools<\/li>\n<li>Screw punchers, Plate punchers<\/li>\n<li>Hammers, Chisels, Spatulas<\/li>\n<li>Measuring tools<\/li>\n<li>Insulated safety tools, Personal protective equipment (PPE)<\/li>\n<li>Plumbing tools<\/li>\n<li>Soldering equipment and accessories, Chemical products<\/li>\n<li>Workshop and business equipment, Lights<\/li>\n<li>Crimping tools<\/li>\n<li>Solder-less and insulated cable connectors, Wire end ferrules<\/li>\n<li>Cable ties, Hook and loop tapes<\/li>\n<li>Marking and Labelling<\/li>\n<li>Screws<\/li>\n<li>Adhesive tapes, Heat shrink tubes, Coupling sleeve technology, Grommets<\/li>\n<\/ul>\t\t\t\t\t\t\t\t<\/div>\n\t\t\t\t<\/div>\n\t\t\t\t\t<\/div>\n\t\t<\/div>\n\t\t\t\t<div class=\"elementor-column elementor-col-50 elementor-top-column elementor-element elementor-element-3499f32b\" data-id=\"3499f32b\" data-element_type=\"column\" data-e-type=\"column\">\n\t\t\t<div class=\"elementor-widget-wrap elementor-element-populated\">\n\t\t\t\t\t\t<div class=\"elementor-element elementor-element-21e5d26 elementor-widget elementor-widget-image\" data-id=\"21e5d26\" data-element_type=\"widget\" data-e-type=\"widget\" data-widget_type=\"image.default\">\n\t\t\t\t<div class=\"elementor-widget-container\">\n\t\t\t\t\t\t\t\t\t\t\t\t\t\t\t<img decoding=\"async\" width=\"800\" height=\"887\" src=\"https:\/\/www.sivelectro.ro\/wp-content\/uploads\/2023\/07\/TITEL_2a-min-924x1024.jpg\" class=\"attachment-large size-large wp-image-1221\" alt=\"\" srcset=\"https:\/\/www.sivelectro.ro\/wp-content\/uploads\/2023\/07\/TITEL_2a-min-924x1024.jpg 924w, https:\/\/www.sivelectro.ro\/wp-content\/uploads\/2023\/07\/TITEL_2a-min-271x300.jpg 271w, https:\/\/www.sivelectro.ro\/wp-content\/uploads\/2023\/07\/TITEL_2a-min-768x851.jpg 768w, https:\/\/www.sivelectro.ro\/wp-content\/uploads\/2023\/07\/TITEL_2a-min-11x12.jpg 11w, https:\/\/www.sivelectro.ro\/wp-content\/uploads\/2023\/07\/TITEL_2a-min.jpg 1000w\" sizes=\"(max-width: 800px) 100vw, 800px\" \/>\t\t\t\t\t\t\t\t\t\t\t\t\t\t\t<\/div>\n\t\t\t\t<\/div>\n\t\t\t\t\t<\/div>\n\t\t<\/div>\n\t\t\t\t\t<\/div>\n\t\t<\/section>\n\t\t\t\t<section class=\"elementor-section elementor-top-section elementor-element elementor-element-e9a5f06 elementor-section-boxed elementor-section-height-default elementor-section-height-default\" data-id=\"e9a5f06\" data-element_type=\"section\" data-e-type=\"section\">\n\t\t\t\t\t\t<div class=\"elementor-container elementor-column-gap-default\">\n\t\t\t\t\t<div class=\"elementor-column elementor-col-100 elementor-top-column elementor-element elementor-element-ea52ad1\" data-id=\"ea52ad1\" data-element_type=\"column\" data-e-type=\"column\">\n\t\t\t<div class=\"elementor-widget-wrap elementor-element-populated\">\n\t\t\t\t\t\t<div class=\"elementor-element elementor-element-1e2efdc elementor-align-center elementor-widget elementor-widget-button\" data-id=\"1e2efdc\" data-element_type=\"widget\" data-e-type=\"widget\" data-widget_type=\"button.default\">\n\t\t\t\t<div class=\"elementor-widget-container\">\n\t\t\t\t\t\t\t\t\t<div class=\"elementor-button-wrapper\">\n\t\t\t\t\t<a class=\"elementor-button elementor-button-link elementor-size-lg\" href=\"\/wp-content\/uploads\/2023\/07\/CIMCO_Katalog_2023_EN_compressed.pdf\" target=\"_blank\" rel=\"nofollow\">\n\t\t\t\t\t\t<span class=\"elementor-button-content-wrapper\">\n\t\t\t\t\t\t<span class=\"elementor-button-icon\">\n\t\t\t\t<i aria-hidden=\"true\" class=\"far fa-file-pdf\"><\/i>\t\t\t<\/span>\n\t\t\t\t\t\t\t\t\t<span class=\"elementor-button-text\">DOWNLOAD CATALOG<\/span>\n\t\t\t\t\t<\/span>\n\t\t\t\t\t<\/a>\n\t\t\t\t<\/div>\n\t\t\t\t\t\t\t\t<\/div>\n\t\t\t\t<\/div>\n\t\t\t\t\t<\/div>\n\t\t<\/div>\n\t\t\t\t\t<\/div>\n\t\t<\/section>\n\t\t\t\t<\/div>","protected":false},"excerpt":{"rendered":"<p>Produc\u0103torul de scule electrice profesionale din Bergisches Land De la \u00eenfiin\u021barea sa \u00een 1827, CIMCO este una dintre m\u0103rcile de top pentru scule profesionale tradi\u021bionale destinate electricienilor. Administrat\u0103 acum de a \u0219asea genera\u021bie, compania a r\u0103mas \u00eentotdeauna fidel\u0103 filozofiei sale de a vinde scule \u0219i unelte care \u00eendeplinesc cele mai \u00eenalte cerin\u021be posibile ale profesioni\u0219tilor. [&hellip;]<\/p>\n","protected":false},"author":1,"featured_media":0,"parent":385,"menu_order":0,"comment_status":"closed","ping_status":"closed","template":"","meta":{"footnotes":""},"class_list":["post-1217","page","type-page","status-publish","hentry"],"_links":{"self":[{"href":"https:\/\/www.sivelectro.ro\/en\/wp-json\/wp\/v2\/pages\/1217","targetHints":{"allow":["GET"]}}],"collection":[{"href":"https:\/\/www.sivelectro.ro\/en\/wp-json\/wp\/v2\/pages"}],"about":[{"href":"https:\/\/www.sivelectro.ro\/en\/wp-json\/wp\/v2\/types\/page"}],"author":[{"embeddable":true,"href":"https:\/\/www.sivelectro.ro\/en\/wp-json\/wp\/v2\/users\/1"}],"replies":[{"embeddable":true,"href":"https:\/\/www.sivelectro.ro\/en\/wp-json\/wp\/v2\/comments?post=1217"}],"version-history":[{"count":13,"href":"https:\/\/www.sivelectro.ro\/en\/wp-json\/wp\/v2\/pages\/1217\/revisions"}],"predecessor-version":[{"id":1936,"href":"https:\/\/www.sivelectro.ro\/en\/wp-json\/wp\/v2\/pages\/1217\/revisions\/1936"}],"up":[{"embeddable":true,"href":"https:\/\/www.sivelectro.ro\/en\/wp-json\/wp\/v2\/pages\/385"}],"wp:attachment":[{"href":"https:\/\/www.sivelectro.ro\/en\/wp-json\/wp\/v2\/media?parent=1217"}],"curies":[{"name":"wp","href":"https:\/\/api.w.org\/{rel}","templated":true}]}}