{"id":1184,"date":"2023-07-19T16:08:10","date_gmt":"2023-07-19T16:08:10","guid":{"rendered":"https:\/\/siv.agentweb.ro\/?page_id=1184"},"modified":"2023-07-20T14:18:18","modified_gmt":"2023-07-20T14:18:18","slug":"cosmotec","status":"publish","type":"page","link":"https:\/\/www.sivelectro.ro\/en\/parteneri\/cosmotec\/","title":{"rendered":"Cosmotec"},"content":{"rendered":"<div data-elementor-type=\"wp-page\" data-elementor-id=\"1184\" class=\"elementor elementor-1184\">\n\t\t\t\t\t\t<section class=\"elementor-section elementor-top-section elementor-element elementor-element-567bdeea elementor-section-boxed elementor-section-height-default elementor-section-height-default\" data-id=\"567bdeea\" data-element_type=\"section\" data-e-type=\"section\">\n\t\t\t\t\t\t<div class=\"elementor-container elementor-column-gap-default\">\n\t\t\t\t\t<div class=\"elementor-column elementor-col-100 elementor-top-column elementor-element elementor-element-6dabd57\" data-id=\"6dabd57\" data-element_type=\"column\" data-e-type=\"column\">\n\t\t\t<div class=\"elementor-widget-wrap elementor-element-populated\">\n\t\t\t\t\t\t<div class=\"elementor-element elementor-element-0beafbf elementor-widget elementor-widget-image\" data-id=\"0beafbf\" data-element_type=\"widget\" data-e-type=\"widget\" data-widget_type=\"image.default\">\n\t\t\t\t<div class=\"elementor-widget-container\">\n\t\t\t\t\t\t\t\t\t\t\t\t\t\t\t\t<a href=\"https:\/\/cosmotec.it\/en\/\" target=\"_blank\" rel=\"nofollow\">\n\t\t\t\t\t\t\t<img fetchpriority=\"high\" decoding=\"async\" width=\"500\" height=\"124\" src=\"https:\/\/www.sivelectro.ro\/wp-content\/uploads\/2023\/07\/Cosmotec_colori_noendorsement.jpg\" class=\"attachment-large size-large wp-image-1186\" alt=\"\" srcset=\"https:\/\/www.sivelectro.ro\/wp-content\/uploads\/2023\/07\/Cosmotec_colori_noendorsement.jpg 500w, https:\/\/www.sivelectro.ro\/wp-content\/uploads\/2023\/07\/Cosmotec_colori_noendorsement-300x74.jpg 300w, https:\/\/www.sivelectro.ro\/wp-content\/uploads\/2023\/07\/Cosmotec_colori_noendorsement-18x4.jpg 18w\" sizes=\"(max-width: 500px) 100vw, 500px\" \/>\t\t\t\t\t\t\t\t<\/a>\n\t\t\t\t\t\t\t\t\t\t\t\t\t\t\t<\/div>\n\t\t\t\t<\/div>\n\t\t\t\t<div class=\"elementor-element elementor-element-63a5cfb elementor-widget elementor-widget-heading\" data-id=\"63a5cfb\" data-element_type=\"widget\" data-e-type=\"widget\" data-widget_type=\"heading.default\">\n\t\t\t\t<div class=\"elementor-widget-container\">\n\t\t\t\t\t<h1 class=\"elementor-heading-title elementor-size-default\">Thermal Management Specialists<\/h1>\t\t\t\t<\/div>\n\t\t\t\t<\/div>\n\t\t\t\t<div class=\"elementor-element elementor-element-3375362 elementor-widget elementor-widget-text-editor\" data-id=\"3375362\" data-element_type=\"widget\" data-e-type=\"widget\" data-widget_type=\"text-editor.default\">\n\t\t\t\t<div class=\"elementor-widget-container\">\n\t\t\t\t\t\t\t\t\t<p>Founded in 1989 as Cosmotec, the company started with the production of air conditioners for industrial control cabinets, which were soon complemented by chillers for automation processes and industrial applications such as laser cooling, machine tool cooling, oil cooling and any other process related to industrial air conditioning.<\/p><p>In 2001, Cosmotec joined STULZ GmbH, one of the world\u2019s leading suppliers of energy-efficient temperature and humidity management technology solutions designed specifically for mission critical applications.<\/p>\t\t\t\t\t\t\t\t<\/div>\n\t\t\t\t<\/div>\n\t\t\t\t\t<\/div>\n\t\t<\/div>\n\t\t\t\t\t<\/div>\n\t\t<\/section>\n\t\t\t\t<section class=\"elementor-section elementor-top-section elementor-element elementor-element-2cf83891 elementor-section-content-middle partenerSection elementor-section-boxed elementor-section-height-default elementor-section-height-default\" data-id=\"2cf83891\" data-element_type=\"section\" data-e-type=\"section\">\n\t\t\t\t\t\t<div class=\"elementor-container elementor-column-gap-default\">\n\t\t\t\t\t<div class=\"elementor-column elementor-col-100 elementor-top-column elementor-element elementor-element-1a70bb71\" data-id=\"1a70bb71\" data-element_type=\"column\" data-e-type=\"column\">\n\t\t\t<div class=\"elementor-widget-wrap elementor-element-populated\">\n\t\t\t\t\t\t<div class=\"elementor-element elementor-element-4c6d7d7e elementor-widget elementor-widget-heading\" data-id=\"4c6d7d7e\" data-element_type=\"widget\" data-e-type=\"widget\" data-widget_type=\"heading.default\">\n\t\t\t\t<div class=\"elementor-widget-container\">\n\t\t\t\t\t<h6 class=\"elementor-heading-title elementor-size-default\">Cosmotec<\/h6>\t\t\t\t<\/div>\n\t\t\t\t<\/div>\n\t\t\t\t<div class=\"elementor-element elementor-element-365addb elementor-widget elementor-widget-heading\" data-id=\"365addb\" data-element_type=\"widget\" data-e-type=\"widget\" data-widget_type=\"heading.default\">\n\t\t\t\t<div class=\"elementor-widget-container\">\n\t\t\t\t\t<h2 class=\"elementor-heading-title elementor-size-default\">Industrial air conditioners for electrical panels<\/h2>\t\t\t\t<\/div>\n\t\t\t\t<\/div>\n\t\t\t\t<div class=\"elementor-element elementor-element-32d60754 elementor-widget elementor-widget-text-editor\" data-id=\"32d60754\" data-element_type=\"widget\" data-e-type=\"widget\" data-widget_type=\"text-editor.default\">\n\t\t\t\t<div class=\"elementor-widget-container\">\n\t\t\t\t\t\t\t\t\t<p><strong>Why cool an electrical panel?<\/strong><\/p>\n<p>The cooling of electrical panels or cabinets is essential in any application to ensure the proper functioning of internal components and production processes, preventing and avoiding production and\/or distribution downtime.<\/p>\n<p><strong>Cosmotec products offer protection against:<\/strong><\/p>\n<ul>\n<li>the formation of high temperature and high humidity and consequently overheating and condensation;<\/li>\n<li>the infiltration of dust and\/or sand, corrosive agents, etc;<\/li>\n<li>to prevent component wear, derating and failure, thus ensuring reliability, safety and efficiency.<\/li>\n<\/ul>\n<p><strong>Main factors influencing the choice of air conditioning type<\/strong><\/p>\n<p>The choice of air conditioning solution is mainly determined by the following factors:<\/p>\n<ul>\n<li class=\"translation-block\"><strong>application<\/strong>:Indoor, cabinet positioned inside a building, or Outdoor, cabinet positioned in an outdoor environment;<\/li>\n<li class=\"translation-block\"><strong>air quality<\/strong>: presence of humidity, dust, oils\u2026;<\/li>\n<li class=\"translation-block\"><strong>reference temperatures<\/strong>: internal (Ti) and external (Te)and the ratio between them (Ti&gt;Te, Ti&lt;Te);<\/li>\n<li><strong>presence of chilled water.<\/strong>.<\/li>\n<\/ul>\n<p>Air conditioners for electrical cabinets exploit the principle of a refrigerated circuit using R134a (HFC) refrigerant gas, guarantee precise temperature control and offer simple installation on the electrical panel. Air conditioners are mainly recommended if:<\/p>\n<ul>\n<li>the outside air has a higher temperature value than the inside air;<\/li>\n<li>the ambient air is extremely oily or dusty;<\/li>\n<li>outside air and humidity must not enter the electrical cabinet;<\/li>\n<li>no hydraulic circuit is to be provided.<\/li>\n<\/ul>\t\t\t\t\t\t\t\t<\/div>\n\t\t\t\t<\/div>\n\t\t\t\t<div class=\"elementor-element elementor-element-f435e90 elementor-arrows-position-inside elementor-widget elementor-widget-image-carousel\" data-id=\"f435e90\" data-element_type=\"widget\" data-e-type=\"widget\" data-settings=\"{&quot;slides_to_show&quot;:&quot;3&quot;,&quot;slides_to_show_mobile&quot;:&quot;1&quot;,&quot;navigation&quot;:&quot;arrows&quot;,&quot;autoplay&quot;:&quot;yes&quot;,&quot;pause_on_hover&quot;:&quot;yes&quot;,&quot;pause_on_interaction&quot;:&quot;yes&quot;,&quot;autoplay_speed&quot;:5000,&quot;infinite&quot;:&quot;yes&quot;,&quot;speed&quot;:500}\" data-widget_type=\"image-carousel.default\">\n\t\t\t\t<div class=\"elementor-widget-container\">\n\t\t\t\t\t\t\t<div class=\"elementor-image-carousel-wrapper swiper\" role=\"region\" aria-roledescription=\"carousel\" aria-label=\"Image Carousel\" dir=\"ltr\" data-no-translation-aria-label=\"\">\n\t\t\t<div class=\"elementor-image-carousel swiper-wrapper\" aria-live=\"off\">\n\t\t\t\t\t\t\t\t<div class=\"swiper-slide\" role=\"group\" aria-roledescription=\"slide\" aria-label=\"1 of 12\" data-no-translation-aria-label=\"\"><a data-elementor-open-lightbox=\"yes\" data-elementor-lightbox-slideshow=\"f435e90\" data-elementor-lightbox-title=\"Icona_condizionatori_industriali_extra_piatti_quadri_elettrici_SlimIn\" data-e-action-hash=\"#elementor-action%3Aaction%3Dlightbox%26settings%3DeyJpZCI6MTE4OCwidXJsIjoiaHR0cHM6XC9cL3d3dy5zaXZlbGVjdHJvLnJvXC93cC1jb250ZW50XC91cGxvYWRzXC8yMDIzXC8wN1wvSWNvbmFfY29uZGl6aW9uYXRvcmlfaW5kdXN0cmlhbGlfZXh0cmFfcGlhdHRpX3F1YWRyaV9lbGV0dHJpY2lfU2xpbUluLnBuZyIsInNsaWRlc2hvdyI6ImY0MzVlOTAifQ%3D%3D\" href=\"https:\/\/www.sivelectro.ro\/wp-content\/uploads\/2023\/07\/Icona_condizionatori_industriali_extra_piatti_quadri_elettrici_SlimIn.png\"><figure class=\"swiper-slide-inner\"><img decoding=\"async\" class=\"swiper-slide-image\" src=\"https:\/\/www.sivelectro.ro\/wp-content\/uploads\/2023\/07\/Icona_condizionatori_industriali_extra_piatti_quadri_elettrici_SlimIn.png\" alt=\"Icona_condizionatori_industriali_extra_piatti_quadri_elettrici_SlimIn\" \/><\/figure><\/a><\/div><div class=\"swiper-slide\" role=\"group\" aria-roledescription=\"slide\" aria-label=\"2 of 12\" data-no-translation-aria-label=\"\"><a data-elementor-open-lightbox=\"yes\" data-elementor-lightbox-slideshow=\"f435e90\" data-elementor-lightbox-title=\"Icona_condizionatori_industriali_moduli_armadi_elettrici_Module\" data-e-action-hash=\"#elementor-action%3Aaction%3Dlightbox%26settings%3DeyJpZCI6MTE4OSwidXJsIjoiaHR0cHM6XC9cL3d3dy5zaXZlbGVjdHJvLnJvXC93cC1jb250ZW50XC91cGxvYWRzXC8yMDIzXC8wN1wvSWNvbmFfY29uZGl6aW9uYXRvcmlfaW5kdXN0cmlhbGlfbW9kdWxpX2FybWFkaV9lbGV0dHJpY2lfTW9kdWxlLnBuZyIsInNsaWRlc2hvdyI6ImY0MzVlOTAifQ%3D%3D\" href=\"https:\/\/www.sivelectro.ro\/wp-content\/uploads\/2023\/07\/Icona_condizionatori_industriali_moduli_armadi_elettrici_Module.png\"><figure class=\"swiper-slide-inner\"><img decoding=\"async\" class=\"swiper-slide-image\" src=\"https:\/\/www.sivelectro.ro\/wp-content\/uploads\/2023\/07\/Icona_condizionatori_industriali_moduli_armadi_elettrici_Module.png\" alt=\"Icona_condizionatori_industriali_moduli_armadi_elettrici_Module\" \/><\/figure><\/a><\/div><div class=\"swiper-slide\" role=\"group\" aria-roledescription=\"slide\" aria-label=\"3 of 12\" data-no-translation-aria-label=\"\"><a data-elementor-open-lightbox=\"yes\" data-elementor-lightbox-slideshow=\"f435e90\" data-elementor-lightbox-title=\"Icona_condizionatori_industriali_quadri_elettrici_outdoor_Predator\" data-e-action-hash=\"#elementor-action%3Aaction%3Dlightbox%26settings%3DeyJpZCI6MTE5MCwidXJsIjoiaHR0cHM6XC9cL3d3dy5zaXZlbGVjdHJvLnJvXC93cC1jb250ZW50XC91cGxvYWRzXC8yMDIzXC8wN1wvSWNvbmFfY29uZGl6aW9uYXRvcmlfaW5kdXN0cmlhbGlfcXVhZHJpX2VsZXR0cmljaV9vdXRkb29yX1ByZWRhdG9yLnBuZyIsInNsaWRlc2hvdyI6ImY0MzVlOTAifQ%3D%3D\" href=\"https:\/\/www.sivelectro.ro\/wp-content\/uploads\/2023\/07\/Icona_condizionatori_industriali_quadri_elettrici_outdoor_Predator.png\"><figure class=\"swiper-slide-inner\"><img decoding=\"async\" class=\"swiper-slide-image\" src=\"https:\/\/www.sivelectro.ro\/wp-content\/uploads\/2023\/07\/Icona_condizionatori_industriali_quadri_elettrici_outdoor_Predator.png\" alt=\"Icona_condizionatori_industriali_quadri_elettrici_outdoor_Predator\" \/><\/figure><\/a><\/div><div class=\"swiper-slide\" role=\"group\" aria-roledescription=\"slide\" aria-label=\"4 of 12\" data-no-translation-aria-label=\"\"><a data-elementor-open-lightbox=\"yes\" data-elementor-lightbox-slideshow=\"f435e90\" data-elementor-lightbox-title=\"Icona_condizionatori_industriali_quadri_elettrici_Protherm\" data-e-action-hash=\"#elementor-action%3Aaction%3Dlightbox%26settings%3DeyJpZCI6MTE5MSwidXJsIjoiaHR0cHM6XC9cL3d3dy5zaXZlbGVjdHJvLnJvXC93cC1jb250ZW50XC91cGxvYWRzXC8yMDIzXC8wN1wvSWNvbmFfY29uZGl6aW9uYXRvcmlfaW5kdXN0cmlhbGlfcXVhZHJpX2VsZXR0cmljaV9Qcm90aGVybS5wbmciLCJzbGlkZXNob3ciOiJmNDM1ZTkwIn0%3D\" href=\"https:\/\/www.sivelectro.ro\/wp-content\/uploads\/2023\/07\/Icona_condizionatori_industriali_quadri_elettrici_Protherm.png\"><figure class=\"swiper-slide-inner\"><img decoding=\"async\" class=\"swiper-slide-image\" src=\"https:\/\/www.sivelectro.ro\/wp-content\/uploads\/2023\/07\/Icona_condizionatori_industriali_quadri_elettrici_Protherm.png\" alt=\"Icona_condizionatori_industriali_quadri_elettrici_Protherm\" \/><\/figure><\/a><\/div><div class=\"swiper-slide\" role=\"group\" aria-roledescription=\"slide\" aria-label=\"5 of 12\" data-no-translation-aria-label=\"\"><a data-elementor-open-lightbox=\"yes\" data-elementor-lightbox-slideshow=\"f435e90\" data-elementor-lightbox-title=\"Icona_condizionatori_industriali_quadri_elettrici_Smart\" data-e-action-hash=\"#elementor-action%3Aaction%3Dlightbox%26settings%3DeyJpZCI6MTE5MiwidXJsIjoiaHR0cHM6XC9cL3d3dy5zaXZlbGVjdHJvLnJvXC93cC1jb250ZW50XC91cGxvYWRzXC8yMDIzXC8wN1wvSWNvbmFfY29uZGl6aW9uYXRvcmlfaW5kdXN0cmlhbGlfcXVhZHJpX2VsZXR0cmljaV9TbWFydC5wbmciLCJzbGlkZXNob3ciOiJmNDM1ZTkwIn0%3D\" href=\"https:\/\/www.sivelectro.ro\/wp-content\/uploads\/2023\/07\/Icona_condizionatori_industriali_quadri_elettrici_Smart.png\"><figure class=\"swiper-slide-inner\"><img decoding=\"async\" class=\"swiper-slide-image\" src=\"https:\/\/www.sivelectro.ro\/wp-content\/uploads\/2023\/07\/Icona_condizionatori_industriali_quadri_elettrici_Smart.png\" alt=\"Icona_condizionatori_industriali_quadri_elettrici_Smart\" \/><\/figure><\/a><\/div><div class=\"swiper-slide\" role=\"group\" aria-roledescription=\"slide\" aria-label=\"6 of 12\" data-no-translation-aria-label=\"\"><a data-elementor-open-lightbox=\"yes\" data-elementor-lightbox-slideshow=\"f435e90\" data-elementor-lightbox-title=\"Icona_condizionatori_industriali_rack_ERE\" data-e-action-hash=\"#elementor-action%3Aaction%3Dlightbox%26settings%3DeyJpZCI6MTE5MywidXJsIjoiaHR0cHM6XC9cL3d3dy5zaXZlbGVjdHJvLnJvXC93cC1jb250ZW50XC91cGxvYWRzXC8yMDIzXC8wN1wvSWNvbmFfY29uZGl6aW9uYXRvcmlfaW5kdXN0cmlhbGlfcmFja19FUkUucG5nIiwic2xpZGVzaG93IjoiZjQzNWU5MCJ9\" href=\"https:\/\/www.sivelectro.ro\/wp-content\/uploads\/2023\/07\/Icona_condizionatori_industriali_rack_ERE.png\"><figure class=\"swiper-slide-inner\"><img decoding=\"async\" class=\"swiper-slide-image\" src=\"https:\/\/www.sivelectro.ro\/wp-content\/uploads\/2023\/07\/Icona_condizionatori_industriali_rack_ERE.png\" alt=\"Icona_condizionatori_industriali_rack_ERE\" \/><\/figure><\/a><\/div><div class=\"swiper-slide\" role=\"group\" aria-roledescription=\"slide\" aria-label=\"7 of 12\" data-no-translation-aria-label=\"\"><a data-elementor-open-lightbox=\"yes\" data-elementor-lightbox-slideshow=\"f435e90\" data-elementor-lightbox-title=\"Icona_condizionatori_inverter_quadri_elettrici_FlexIn\" data-e-action-hash=\"#elementor-action%3Aaction%3Dlightbox%26settings%3DeyJpZCI6MTE5NCwidXJsIjoiaHR0cHM6XC9cL3d3dy5zaXZlbGVjdHJvLnJvXC93cC1jb250ZW50XC91cGxvYWRzXC8yMDIzXC8wN1wvSWNvbmFfY29uZGl6aW9uYXRvcmlfaW52ZXJ0ZXJfcXVhZHJpX2VsZXR0cmljaV9GbGV4SW4ucG5nIiwic2xpZGVzaG93IjoiZjQzNWU5MCJ9\" href=\"https:\/\/www.sivelectro.ro\/wp-content\/uploads\/2023\/07\/Icona_condizionatori_inverter_quadri_elettrici_FlexIn.png\"><figure class=\"swiper-slide-inner\"><img decoding=\"async\" class=\"swiper-slide-image\" src=\"https:\/\/www.sivelectro.ro\/wp-content\/uploads\/2023\/07\/Icona_condizionatori_inverter_quadri_elettrici_FlexIn.png\" alt=\"Icona_condizionatori_inverter_quadri_elettrici_FlexIn\" \/><\/figure><\/a><\/div><div class=\"swiper-slide\" role=\"group\" aria-roledescription=\"slide\" aria-label=\"8 of 12\" data-no-translation-aria-label=\"\"><a data-elementor-open-lightbox=\"yes\" data-elementor-lightbox-slideshow=\"f435e90\" data-elementor-lightbox-title=\"Icona_griglie_ventilazione_filtro_quadri_elettrici_Kryos\" data-e-action-hash=\"#elementor-action%3Aaction%3Dlightbox%26settings%3DeyJpZCI6MTE5NSwidXJsIjoiaHR0cHM6XC9cL3d3dy5zaXZlbGVjdHJvLnJvXC93cC1jb250ZW50XC91cGxvYWRzXC8yMDIzXC8wN1wvSWNvbmFfZ3JpZ2xpZV92ZW50aWxhemlvbmVfZmlsdHJvX3F1YWRyaV9lbGV0dHJpY2lfS3J5b3MucG5nIiwic2xpZGVzaG93IjoiZjQzNWU5MCJ9\" href=\"https:\/\/www.sivelectro.ro\/wp-content\/uploads\/2023\/07\/Icona_griglie_ventilazione_filtro_quadri_elettrici_Kryos.png\"><figure class=\"swiper-slide-inner\"><img decoding=\"async\" class=\"swiper-slide-image\" src=\"https:\/\/www.sivelectro.ro\/wp-content\/uploads\/2023\/07\/Icona_griglie_ventilazione_filtro_quadri_elettrici_Kryos.png\" alt=\"Icona_griglie_ventilazione_filtro_quadri_elettrici_Kryos\" \/><\/figure><\/a><\/div><div class=\"swiper-slide\" role=\"group\" aria-roledescription=\"slide\" aria-label=\"9 of 12\" data-no-translation-aria-label=\"\"><a data-elementor-open-lightbox=\"yes\" data-elementor-lightbox-slideshow=\"f435e90\" data-elementor-lightbox-title=\"Icona_scambiatori_calore_acqua_aria_EXW\" data-e-action-hash=\"#elementor-action%3Aaction%3Dlightbox%26settings%3DeyJpZCI6MTE5NiwidXJsIjoiaHR0cHM6XC9cL3d3dy5zaXZlbGVjdHJvLnJvXC93cC1jb250ZW50XC91cGxvYWRzXC8yMDIzXC8wN1wvSWNvbmFfc2NhbWJpYXRvcmlfY2Fsb3JlX2FjcXVhX2FyaWFfRVhXLnBuZyIsInNsaWRlc2hvdyI6ImY0MzVlOTAifQ%3D%3D\" href=\"https:\/\/www.sivelectro.ro\/wp-content\/uploads\/2023\/07\/Icona_scambiatori_calore_acqua_aria_EXW.png\"><figure class=\"swiper-slide-inner\"><img decoding=\"async\" class=\"swiper-slide-image\" src=\"https:\/\/www.sivelectro.ro\/wp-content\/uploads\/2023\/07\/Icona_scambiatori_calore_acqua_aria_EXW.png\" alt=\"Icona_scambiatori_calore_acqua_aria_EXW\" \/><\/figure><\/a><\/div><div class=\"swiper-slide\" role=\"group\" aria-roledescription=\"slide\" aria-label=\"10 of 12\" data-no-translation-aria-label=\"\"><a data-elementor-open-lightbox=\"yes\" data-elementor-lightbox-slideshow=\"f435e90\" data-elementor-lightbox-title=\"Icona_torrini_estrazione_quadri_elettrici_KryosROOF\" data-e-action-hash=\"#elementor-action%3Aaction%3Dlightbox%26settings%3DeyJpZCI6MTE5NywidXJsIjoiaHR0cHM6XC9cL3d3dy5zaXZlbGVjdHJvLnJvXC93cC1jb250ZW50XC91cGxvYWRzXC8yMDIzXC8wN1wvSWNvbmFfdG9ycmluaV9lc3RyYXppb25lX3F1YWRyaV9lbGV0dHJpY2lfS3J5b3NST09GLnBuZyIsInNsaWRlc2hvdyI6ImY0MzVlOTAifQ%3D%3D\" href=\"https:\/\/www.sivelectro.ro\/wp-content\/uploads\/2023\/07\/Icona_torrini_estrazione_quadri_elettrici_KryosROOF.png\"><figure class=\"swiper-slide-inner\"><img decoding=\"async\" class=\"swiper-slide-image\" src=\"https:\/\/www.sivelectro.ro\/wp-content\/uploads\/2023\/07\/Icona_torrini_estrazione_quadri_elettrici_KryosROOF.png\" alt=\"Icona_torrini_estrazione_quadri_elettrici_KryosROOF\" \/><\/figure><\/a><\/div><div class=\"swiper-slide\" role=\"group\" aria-roledescription=\"slide\" aria-label=\"11 of 12\" data-no-translation-aria-label=\"\"><a data-elementor-open-lightbox=\"yes\" data-elementor-lightbox-slideshow=\"f435e90\" data-elementor-lightbox-title=\"EXW_scambiatore_calore_industriale_acqua_aria\" data-e-action-hash=\"#elementor-action%3Aaction%3Dlightbox%26settings%3DeyJpZCI6MTE5OCwidXJsIjoiaHR0cHM6XC9cL3d3dy5zaXZlbGVjdHJvLnJvXC93cC1jb250ZW50XC91cGxvYWRzXC8yMDIzXC8wN1wvRVhXX3NjYW1iaWF0b3JlX2NhbG9yZV9pbmR1c3RyaWFsZV9hY3F1YV9hcmlhLmpwZyIsInNsaWRlc2hvdyI6ImY0MzVlOTAifQ%3D%3D\" href=\"https:\/\/www.sivelectro.ro\/wp-content\/uploads\/2023\/07\/EXW_scambiatore_calore_industriale_acqua_aria.jpg\"><figure class=\"swiper-slide-inner\"><img decoding=\"async\" class=\"swiper-slide-image\" src=\"https:\/\/www.sivelectro.ro\/wp-content\/uploads\/2023\/07\/EXW_scambiatore_calore_industriale_acqua_aria.jpg\" alt=\"EXW_scambiatore_calore_industriale_acqua_aria\" \/><\/figure><\/a><\/div><div class=\"swiper-slide\" role=\"group\" aria-roledescription=\"slide\" aria-label=\"12 of 12\" data-no-translation-aria-label=\"\"><a data-elementor-open-lightbox=\"yes\" data-elementor-lightbox-slideshow=\"f435e90\" data-elementor-lightbox-title=\"Icona_condizionatori_industriali_compatti_quadri_elettrici_Compact_Protherm\" data-e-action-hash=\"#elementor-action%3Aaction%3Dlightbox%26settings%3DeyJpZCI6MTE5OSwidXJsIjoiaHR0cHM6XC9cL3d3dy5zaXZlbGVjdHJvLnJvXC93cC1jb250ZW50XC91cGxvYWRzXC8yMDIzXC8wN1wvSWNvbmFfY29uZGl6aW9uYXRvcmlfaW5kdXN0cmlhbGlfY29tcGF0dGlfcXVhZHJpX2VsZXR0cmljaV9Db21wYWN0X1Byb3RoZXJtLnBuZyIsInNsaWRlc2hvdyI6ImY0MzVlOTAifQ%3D%3D\" href=\"https:\/\/www.sivelectro.ro\/wp-content\/uploads\/2023\/07\/Icona_condizionatori_industriali_compatti_quadri_elettrici_Compact_Protherm.png\"><figure class=\"swiper-slide-inner\"><img decoding=\"async\" class=\"swiper-slide-image\" src=\"https:\/\/www.sivelectro.ro\/wp-content\/uploads\/2023\/07\/Icona_condizionatori_industriali_compatti_quadri_elettrici_Compact_Protherm.png\" alt=\"Icona_condizionatori_industriali_compatti_quadri_elettrici_Compact_Protherm\" \/><\/figure><\/a><\/div>\t\t\t<\/div>\n\t\t\t\t\t\t\t\t\t\t\t\t<div class=\"elementor-swiper-button elementor-swiper-button-prev\" role=\"button\" tabindex=\"0\">\n\t\t\t\t\t\t<i aria-hidden=\"true\" class=\"eicon-chevron-left\"><\/i>\t\t\t\t\t<\/div>\n\t\t\t\t\t<div class=\"elementor-swiper-button elementor-swiper-button-next\" role=\"button\" tabindex=\"0\">\n\t\t\t\t\t\t<i aria-hidden=\"true\" class=\"eicon-chevron-right\"><\/i>\t\t\t\t\t<\/div>\n\t\t\t\t\n\t\t\t\t\t\t\t\t\t<\/div>\n\t\t\t\t\t\t<\/div>\n\t\t\t\t<\/div>\n\t\t\t\t\t<\/div>\n\t\t<\/div>\n\t\t\t\t\t<\/div>\n\t\t<\/section>\n\t\t\t\t<section class=\"elementor-section elementor-top-section elementor-element elementor-element-e9a5f06 elementor-section-boxed elementor-section-height-default elementor-section-height-default\" data-id=\"e9a5f06\" data-element_type=\"section\" data-e-type=\"section\">\n\t\t\t\t\t\t<div class=\"elementor-container elementor-column-gap-default\">\n\t\t\t\t\t<div class=\"elementor-column elementor-col-100 elementor-top-column elementor-element elementor-element-ea52ad1\" data-id=\"ea52ad1\" data-element_type=\"column\" data-e-type=\"column\">\n\t\t\t<div class=\"elementor-widget-wrap elementor-element-populated\">\n\t\t\t\t\t\t<div class=\"elementor-element elementor-element-1e2efdc elementor-align-center elementor-widget elementor-widget-button\" data-id=\"1e2efdc\" data-element_type=\"widget\" data-e-type=\"widget\" data-widget_type=\"button.default\">\n\t\t\t\t<div class=\"elementor-widget-container\">\n\t\t\t\t\t\t\t\t\t<div class=\"elementor-button-wrapper\">\n\t\t\t\t\t<a class=\"elementor-button elementor-button-link elementor-size-lg\" href=\"\/wp-content\/uploads\/2023\/07\/Catalogo_Thermal_Management_ENG_compressed.pdf\" target=\"_blank\" rel=\"nofollow\">\n\t\t\t\t\t\t<span class=\"elementor-button-content-wrapper\">\n\t\t\t\t\t\t<span class=\"elementor-button-icon\">\n\t\t\t\t<i aria-hidden=\"true\" class=\"far fa-file-pdf\"><\/i>\t\t\t<\/span>\n\t\t\t\t\t\t\t\t\t<span class=\"elementor-button-text\">Download Catalog Thermal Management<\/span>\n\t\t\t\t\t<\/span>\n\t\t\t\t\t<\/a>\n\t\t\t\t<\/div>\n\t\t\t\t\t\t\t\t<\/div>\n\t\t\t\t<\/div>\n\t\t\t\t<div class=\"elementor-element elementor-element-37c9791 elementor-align-center elementor-widget elementor-widget-button\" data-id=\"37c9791\" data-element_type=\"widget\" data-e-type=\"widget\" data-widget_type=\"button.default\">\n\t\t\t\t<div class=\"elementor-widget-container\">\n\t\t\t\t\t\t\t\t\t<div class=\"elementor-button-wrapper\">\n\t\t\t\t\t<a class=\"elementor-button elementor-button-link elementor-size-lg\" href=\"\/wp-content\/uploads\/2023\/07\/Catalogo_Industrial_Refrigeration_ENG_compressed.pdf\" target=\"_blank\" rel=\"nofollow\">\n\t\t\t\t\t\t<span class=\"elementor-button-content-wrapper\">\n\t\t\t\t\t\t<span class=\"elementor-button-icon\">\n\t\t\t\t<i aria-hidden=\"true\" class=\"far fa-file-pdf\"><\/i>\t\t\t<\/span>\n\t\t\t\t\t\t\t\t\t<span class=\"elementor-button-text\">Download Catalog Industrial Refrigeration<\/span>\n\t\t\t\t\t<\/span>\n\t\t\t\t\t<\/a>\n\t\t\t\t<\/div>\n\t\t\t\t\t\t\t\t<\/div>\n\t\t\t\t<\/div>\n\t\t\t\t\t<\/div>\n\t\t<\/div>\n\t\t\t\t\t<\/div>\n\t\t<\/section>\n\t\t\t\t<\/div>","protected":false},"excerpt":{"rendered":"<p>Speciali\u0219ti \u00een management termic \u00cenfiin\u021bat\u0103 \u00een 1989 sub numele de Cosmotec, compania a \u00eenceput cu produc\u021bia de aparate de aer condi\u021bionat pentru dulapuri de comand\u0103 industriale, care au fost completate \u00een scurt timp de r\u0103citoare pentru procese de automatizare \u0219i aplica\u021bii industriale precum r\u0103cirea cu laser, r\u0103cirea ma\u0219inilor-unelte, r\u0103cirea cu ulei \u0219i orice alt proces [&hellip;]<\/p>\n","protected":false},"author":1,"featured_media":0,"parent":385,"menu_order":0,"comment_status":"closed","ping_status":"closed","template":"","meta":{"footnotes":""},"class_list":["post-1184","page","type-page","status-publish","hentry"],"_links":{"self":[{"href":"https:\/\/www.sivelectro.ro\/en\/wp-json\/wp\/v2\/pages\/1184","targetHints":{"allow":["GET"]}}],"collection":[{"href":"https:\/\/www.sivelectro.ro\/en\/wp-json\/wp\/v2\/pages"}],"about":[{"href":"https:\/\/www.sivelectro.ro\/en\/wp-json\/wp\/v2\/types\/page"}],"author":[{"embeddable":true,"href":"https:\/\/www.sivelectro.ro\/en\/wp-json\/wp\/v2\/users\/1"}],"replies":[{"embeddable":true,"href":"https:\/\/www.sivelectro.ro\/en\/wp-json\/wp\/v2\/comments?post=1184"}],"version-history":[{"count":19,"href":"https:\/\/www.sivelectro.ro\/en\/wp-json\/wp\/v2\/pages\/1184\/revisions"}],"predecessor-version":[{"id":1609,"href":"https:\/\/www.sivelectro.ro\/en\/wp-json\/wp\/v2\/pages\/1184\/revisions\/1609"}],"up":[{"embeddable":true,"href":"https:\/\/www.sivelectro.ro\/en\/wp-json\/wp\/v2\/pages\/385"}],"wp:attachment":[{"href":"https:\/\/www.sivelectro.ro\/en\/wp-json\/wp\/v2\/media?parent=1184"}],"curies":[{"name":"wp","href":"https:\/\/api.w.org\/{rel}","templated":true}]}}