{"id":1159,"date":"2023-07-19T15:14:44","date_gmt":"2023-07-19T15:14:44","guid":{"rendered":"https:\/\/siv.agentweb.ro\/?page_id=1159"},"modified":"2023-07-20T14:23:09","modified_gmt":"2023-07-20T14:23:09","slug":"finder","status":"publish","type":"page","link":"https:\/\/www.sivelectro.ro\/en\/parteneri\/finder\/","title":{"rendered":"Finder"},"content":{"rendered":"<div data-elementor-type=\"wp-page\" data-elementor-id=\"1159\" class=\"elementor elementor-1159\">\n\t\t\t\t\t\t<section class=\"elementor-section elementor-top-section elementor-element elementor-element-567bdeea elementor-section-boxed elementor-section-height-default elementor-section-height-default\" data-id=\"567bdeea\" data-element_type=\"section\" data-e-type=\"section\">\n\t\t\t\t\t\t<div class=\"elementor-container elementor-column-gap-default\">\n\t\t\t\t\t<div class=\"elementor-column elementor-col-100 elementor-top-column elementor-element elementor-element-6dabd57\" data-id=\"6dabd57\" data-element_type=\"column\" data-e-type=\"column\">\n\t\t\t<div class=\"elementor-widget-wrap elementor-element-populated\">\n\t\t\t\t\t\t<div class=\"elementor-element elementor-element-0beafbf elementor-widget elementor-widget-image\" data-id=\"0beafbf\" data-element_type=\"widget\" data-e-type=\"widget\" data-widget_type=\"image.default\">\n\t\t\t\t<div class=\"elementor-widget-container\">\n\t\t\t\t\t\t\t\t\t\t\t\t\t\t\t\t<a href=\"https:\/\/www.findernet.com\/ro\/romania\/\" target=\"_blank\" rel=\"nofollow\">\n\t\t\t\t\t\t\t<img decoding=\"async\" width=\"349\" height=\"90\" src=\"https:\/\/www.sivelectro.ro\/wp-content\/uploads\/2023\/07\/finder.png\" class=\"attachment-large size-large wp-image-1161\" alt=\"\" srcset=\"https:\/\/www.sivelectro.ro\/wp-content\/uploads\/2023\/07\/finder.png 349w, https:\/\/www.sivelectro.ro\/wp-content\/uploads\/2023\/07\/finder-300x77.png 300w, https:\/\/www.sivelectro.ro\/wp-content\/uploads\/2023\/07\/finder-18x5.png 18w\" sizes=\"(max-width: 349px) 100vw, 349px\" \/>\t\t\t\t\t\t\t\t<\/a>\n\t\t\t\t\t\t\t\t\t\t\t\t\t\t\t<\/div>\n\t\t\t\t<\/div>\n\t\t\t\t<div class=\"elementor-element elementor-element-63a5cfb elementor-widget elementor-widget-heading\" data-id=\"63a5cfb\" data-element_type=\"widget\" data-e-type=\"widget\" data-widget_type=\"heading.default\">\n\t\t\t\t<div class=\"elementor-widget-container\">\n\t\t\t\t\t<h1 class=\"elementor-heading-title elementor-size-default\">ADVANCED TECHNOLOGY SINCE 1954<\/h1>\t\t\t\t<\/div>\n\t\t\t\t<\/div>\n\t\t\t\t<div class=\"elementor-element elementor-element-3375362 elementor-widget elementor-widget-text-editor\" data-id=\"3375362\" data-element_type=\"widget\" data-e-type=\"widget\" data-widget_type=\"text-editor.default\">\n\t\t\t\t<div class=\"elementor-widget-container\">\n\t\t\t\t\t\t\t\t\t<p>Finder's success is rooted in its history: from the patent of the modern stepper relay, to the launch of the YESLY range, the innovative system dedicated to home comfort.<br \/>Finder was founded in 1954 and today supplies a wide range of electronic and electromechanical components to the residential, commercial and industrial sectors worldwide. For more than 60 years, Finder has been developing products for lighting, energy and temperature management \u2013 working alongside consultants, companies, installers and individuals, embracing the concept of Comfort Living. A home must be comfortable to live in, not just inhabited.<\/p>\t\t\t\t\t\t\t\t<\/div>\n\t\t\t\t<\/div>\n\t\t\t\t\t<\/div>\n\t\t<\/div>\n\t\t\t\t\t<\/div>\n\t\t<\/section>\n\t\t\t\t<section class=\"elementor-section elementor-top-section elementor-element elementor-element-2cf83891 elementor-section-content-middle partenerSection elementor-section-boxed elementor-section-height-default elementor-section-height-default\" data-id=\"2cf83891\" data-element_type=\"section\" data-e-type=\"section\">\n\t\t\t\t\t\t<div class=\"elementor-container elementor-column-gap-default\">\n\t\t\t\t\t<div class=\"elementor-column elementor-col-50 elementor-top-column elementor-element elementor-element-1a70bb71\" data-id=\"1a70bb71\" data-element_type=\"column\" data-e-type=\"column\">\n\t\t\t<div class=\"elementor-widget-wrap elementor-element-populated\">\n\t\t\t\t\t\t<div class=\"elementor-element elementor-element-4c6d7d7e elementor-widget elementor-widget-heading\" data-id=\"4c6d7d7e\" data-element_type=\"widget\" data-e-type=\"widget\" data-widget_type=\"heading.default\">\n\t\t\t\t<div class=\"elementor-widget-container\">\n\t\t\t\t\t<h6 class=\"elementor-heading-title elementor-size-default\">Finder<\/h6>\t\t\t\t<\/div>\n\t\t\t\t<\/div>\n\t\t\t\t<div class=\"elementor-element elementor-element-365addb elementor-widget elementor-widget-heading\" data-id=\"365addb\" data-element_type=\"widget\" data-e-type=\"widget\" data-widget_type=\"heading.default\">\n\t\t\t\t<div class=\"elementor-widget-container\">\n\t\t\t\t\t<h2 class=\"elementor-heading-title elementor-size-default\">Industrial Relays<\/h2>\t\t\t\t<\/div>\n\t\t\t\t<\/div>\n\t\t\t\t<div class=\"elementor-element elementor-element-32d60754 elementor-widget elementor-widget-text-editor\" data-id=\"32d60754\" data-element_type=\"widget\" data-e-type=\"widget\" data-widget_type=\"text-editor.default\">\n\t\t\t\t<div class=\"elementor-widget-container\">\n\t\t\t\t\t\t\t\t\t<p class=\"translation-block\"><strong>Industrial relays<\/strong>: series 46, series 55, series 56, series 60, series 62, series 65, series 66, series 67, series 68, series 90, series 92, series 93, series 94, series 95, series 96, series 97 , series 99, series RB, series RR.<\/p>\n<p class=\"translation-block\"><strong>Relays for railway applications<\/strong>: series 11, series 22, series 46.<\/p>\n<p class=\"translation-block\"><strong>Implantable relays (PCB)<\/strong>: 30 series, 32 series, 34 series, 36 series, 40 series, 41 series, 43 series, 45 series.<\/p>\n<p class=\"translation-block\"><strong>Timers<\/strong>: series 80, series 81, series 83, series 84, series 85, series 86, series 88.<\/p>\n<p class=\"translation-block\"><strong>Modular interfaces with relays<\/strong>: 19 series, 38 series, 39 series, 48 series, 4C series, 58 series.<\/p>\n<p class=\"translation-block\"><strong>Electronic Modular Relays (SSR)<\/strong>: Series 34, Series 38, Series 39, Series 41, Series 77.<\/p>\n<p class=\"translation-block\"><strong>ATEX products<\/strong>: series 39, series 58, series 66, series 86.<\/p>\n<p class=\"translation-block\"><strong>Relays with forcibly guided contacts<\/strong>: 50 series, 7S series.<\/p>\t\t\t\t\t\t\t\t<\/div>\n\t\t\t\t<\/div>\n\t\t\t\t\t<\/div>\n\t\t<\/div>\n\t\t\t\t<div class=\"elementor-column elementor-col-50 elementor-top-column elementor-element elementor-element-3499f32b\" data-id=\"3499f32b\" data-element_type=\"column\" data-e-type=\"column\">\n\t\t\t<div class=\"elementor-widget-wrap elementor-element-populated\">\n\t\t\t\t\t\t<div class=\"elementor-element elementor-element-f435e90 elementor-arrows-position-inside elementor-pagination-position-outside elementor-widget elementor-widget-image-carousel\" data-id=\"f435e90\" data-element_type=\"widget\" data-e-type=\"widget\" data-settings=\"{&quot;slides_to_show&quot;:&quot;1&quot;,&quot;navigation&quot;:&quot;both&quot;,&quot;autoplay&quot;:&quot;yes&quot;,&quot;pause_on_hover&quot;:&quot;yes&quot;,&quot;pause_on_interaction&quot;:&quot;yes&quot;,&quot;autoplay_speed&quot;:5000,&quot;infinite&quot;:&quot;yes&quot;,&quot;effect&quot;:&quot;slide&quot;,&quot;speed&quot;:500}\" data-widget_type=\"image-carousel.default\">\n\t\t\t\t<div class=\"elementor-widget-container\">\n\t\t\t\t\t\t\t<div class=\"elementor-image-carousel-wrapper swiper\" role=\"region\" aria-roledescription=\"carousel\" aria-label=\"Carusel de imagini\" dir=\"ltr\">\n\t\t\t<div class=\"elementor-image-carousel swiper-wrapper\" aria-live=\"off\">\n\t\t\t\t\t\t\t\t<div class=\"swiper-slide\" role=\"group\" aria-roledescription=\"slide\" aria-label=\"1 din 3\"><a data-elementor-open-lightbox=\"yes\" data-elementor-lightbox-slideshow=\"f435e90\" data-elementor-lightbox-title=\"Prodotti_Finder-min\" data-e-action-hash=\"#elementor-action%3Aaction%3Dlightbox%26settings%3DeyJpZCI6MTE2NiwidXJsIjoiaHR0cHM6XC9cL3d3dy5zaXZlbGVjdHJvLnJvXC93cC1jb250ZW50XC91cGxvYWRzXC8yMDIzXC8wN1wvUHJvZG90dGlfRmluZGVyLW1pbi5qcGciLCJzbGlkZXNob3ciOiJmNDM1ZTkwIn0%3D\" href=\"https:\/\/www.sivelectro.ro\/wp-content\/uploads\/2023\/07\/Prodotti_Finder-min.jpg\"><figure class=\"swiper-slide-inner\"><img decoding=\"async\" class=\"swiper-slide-image\" src=\"https:\/\/www.sivelectro.ro\/wp-content\/uploads\/2023\/07\/Prodotti_Finder-min.jpg\" alt=\"Prodotti_Finder-min\" \/><\/figure><\/a><\/div><div class=\"swiper-slide\" role=\"group\" aria-roledescription=\"slide\" aria-label=\"2 din 3\"><a data-elementor-open-lightbox=\"yes\" data-elementor-lightbox-slideshow=\"f435e90\" data-elementor-lightbox-title=\"405282300000-min\" data-e-action-hash=\"#elementor-action%3Aaction%3Dlightbox%26settings%3DeyJpZCI6MTE2NywidXJsIjoiaHR0cHM6XC9cL3d3dy5zaXZlbGVjdHJvLnJvXC93cC1jb250ZW50XC91cGxvYWRzXC8yMDIzXC8wN1wvNDA1MjgyMzAwMDAwLW1pbi5qcGVnIiwic2xpZGVzaG93IjoiZjQzNWU5MCJ9\" href=\"https:\/\/www.sivelectro.ro\/wp-content\/uploads\/2023\/07\/405282300000-min.jpeg\"><figure class=\"swiper-slide-inner\"><img decoding=\"async\" class=\"swiper-slide-image\" src=\"https:\/\/www.sivelectro.ro\/wp-content\/uploads\/2023\/07\/405282300000-min.jpeg\" alt=\"405282300000-min\" \/><\/figure><\/a><\/div><div class=\"swiper-slide\" role=\"group\" aria-roledescription=\"slide\" aria-label=\"3 din 3\"><a data-elementor-open-lightbox=\"yes\" data-elementor-lightbox-slideshow=\"f435e90\" data-elementor-lightbox-title=\"553482300040-min\" data-e-action-hash=\"#elementor-action%3Aaction%3Dlightbox%26settings%3DeyJpZCI6MTE2OCwidXJsIjoiaHR0cHM6XC9cL3d3dy5zaXZlbGVjdHJvLnJvXC93cC1jb250ZW50XC91cGxvYWRzXC8yMDIzXC8wN1wvNTUzNDgyMzAwMDQwLW1pbi5qcGVnIiwic2xpZGVzaG93IjoiZjQzNWU5MCJ9\" href=\"https:\/\/www.sivelectro.ro\/wp-content\/uploads\/2023\/07\/553482300040-min.jpeg\"><figure class=\"swiper-slide-inner\"><img decoding=\"async\" class=\"swiper-slide-image\" src=\"https:\/\/www.sivelectro.ro\/wp-content\/uploads\/2023\/07\/553482300040-min.jpeg\" alt=\"553482300040-min\" \/><\/figure><\/a><\/div>\t\t\t<\/div>\n\t\t\t\t\t\t\t\t\t\t\t\t<div class=\"elementor-swiper-button elementor-swiper-button-prev\" role=\"button\" tabindex=\"0\">\n\t\t\t\t\t\t<i aria-hidden=\"true\" class=\"eicon-chevron-left\"><\/i>\t\t\t\t\t<\/div>\n\t\t\t\t\t<div class=\"elementor-swiper-button elementor-swiper-button-next\" role=\"button\" tabindex=\"0\">\n\t\t\t\t\t\t<i aria-hidden=\"true\" class=\"eicon-chevron-right\"><\/i>\t\t\t\t\t<\/div>\n\t\t\t\t\n\t\t\t\t\t\t\t\t\t<div class=\"swiper-pagination\"><\/div>\n\t\t\t\t\t\t\t\t\t<\/div>\n\t\t\t\t\t\t<\/div>\n\t\t\t\t<\/div>\n\t\t\t\t\t<\/div>\n\t\t<\/div>\n\t\t\t\t\t<\/div>\n\t\t<\/section>\n\t\t\t\t<section class=\"elementor-section elementor-top-section elementor-element elementor-element-710e9c3 elementor-section-content-middle partenerSection elementor-section-boxed elementor-section-height-default elementor-section-height-default\" data-id=\"710e9c3\" data-element_type=\"section\" data-e-type=\"section\">\n\t\t\t\t\t\t<div class=\"elementor-container elementor-column-gap-default\">\n\t\t\t\t\t<div class=\"elementor-column elementor-col-50 elementor-top-column elementor-element elementor-element-5d27627\" data-id=\"5d27627\" data-element_type=\"column\" data-e-type=\"column\">\n\t\t\t<div class=\"elementor-widget-wrap elementor-element-populated\">\n\t\t\t\t\t\t<div class=\"elementor-element elementor-element-64824a1 elementor-arrows-position-inside elementor-pagination-position-outside elementor-widget elementor-widget-image-carousel\" data-id=\"64824a1\" data-element_type=\"widget\" data-e-type=\"widget\" data-settings=\"{&quot;slides_to_show&quot;:&quot;1&quot;,&quot;navigation&quot;:&quot;both&quot;,&quot;autoplay&quot;:&quot;yes&quot;,&quot;pause_on_hover&quot;:&quot;yes&quot;,&quot;pause_on_interaction&quot;:&quot;yes&quot;,&quot;autoplay_speed&quot;:5000,&quot;infinite&quot;:&quot;yes&quot;,&quot;effect&quot;:&quot;slide&quot;,&quot;speed&quot;:500}\" data-widget_type=\"image-carousel.default\">\n\t\t\t\t<div class=\"elementor-widget-container\">\n\t\t\t\t\t\t\t<div class=\"elementor-image-carousel-wrapper swiper\" role=\"region\" aria-roledescription=\"carousel\" aria-label=\"Carusel de imagini\" dir=\"ltr\">\n\t\t\t<div class=\"elementor-image-carousel swiper-wrapper\" aria-live=\"off\">\n\t\t\t\t\t\t\t\t<div class=\"swiper-slide\" role=\"group\" aria-roledescription=\"slide\" aria-label=\"1 din 5\"><a data-elementor-open-lightbox=\"yes\" data-elementor-lightbox-slideshow=\"64824a1\" data-elementor-lightbox-title=\"10_1061-min\" data-e-action-hash=\"#elementor-action%3Aaction%3Dlightbox%26settings%3DeyJpZCI6MTE3MiwidXJsIjoiaHR0cHM6XC9cL3d3dy5zaXZlbGVjdHJvLnJvXC93cC1jb250ZW50XC91cGxvYWRzXC8yMDIzXC8wN1wvMTBfMTA2MS1taW4uanBlZyIsInNsaWRlc2hvdyI6IjY0ODI0YTEifQ%3D%3D\" href=\"https:\/\/www.sivelectro.ro\/wp-content\/uploads\/2023\/07\/10_1061-min.jpeg\"><figure class=\"swiper-slide-inner\"><img decoding=\"async\" class=\"swiper-slide-image\" src=\"https:\/\/www.sivelectro.ro\/wp-content\/uploads\/2023\/07\/10_1061-min.jpeg\" alt=\"10_1061-min\" \/><\/figure><\/a><\/div><div class=\"swiper-slide\" role=\"group\" aria-roledescription=\"slide\" aria-label=\"2 din 5\"><a data-elementor-open-lightbox=\"yes\" data-elementor-lightbox-slideshow=\"64824a1\" data-elementor-lightbox-title=\"11-min\" data-e-action-hash=\"#elementor-action%3Aaction%3Dlightbox%26settings%3DeyJpZCI6MTE3MywidXJsIjoiaHR0cHM6XC9cL3d3dy5zaXZlbGVjdHJvLnJvXC93cC1jb250ZW50XC91cGxvYWRzXC8yMDIzXC8wN1wvMTEtbWluLmpwZWciLCJzbGlkZXNob3ciOiI2NDgyNGExIn0%3D\" href=\"https:\/\/www.sivelectro.ro\/wp-content\/uploads\/2023\/07\/11-min.jpeg\"><figure class=\"swiper-slide-inner\"><img decoding=\"async\" class=\"swiper-slide-image\" src=\"https:\/\/www.sivelectro.ro\/wp-content\/uploads\/2023\/07\/11-min.jpeg\" alt=\"11-min\" \/><\/figure><\/a><\/div><div class=\"swiper-slide\" role=\"group\" aria-roledescription=\"slide\" aria-label=\"3 din 5\"><a data-elementor-open-lightbox=\"yes\" data-elementor-lightbox-slideshow=\"64824a1\" data-elementor-lightbox-title=\"1142-min\" data-e-action-hash=\"#elementor-action%3Aaction%3Dlightbox%26settings%3DeyJpZCI6MTE2OSwidXJsIjoiaHR0cHM6XC9cL3d3dy5zaXZlbGVjdHJvLnJvXC93cC1jb250ZW50XC91cGxvYWRzXC8yMDIzXC8wN1wvMTE0Mi1taW4uanBlZyIsInNsaWRlc2hvdyI6IjY0ODI0YTEifQ%3D%3D\" href=\"https:\/\/www.sivelectro.ro\/wp-content\/uploads\/2023\/07\/1142-min.jpeg\"><figure class=\"swiper-slide-inner\"><img decoding=\"async\" class=\"swiper-slide-image\" src=\"https:\/\/www.sivelectro.ro\/wp-content\/uploads\/2023\/07\/1142-min.jpeg\" alt=\"1142-min\" \/><\/figure><\/a><\/div><div class=\"swiper-slide\" role=\"group\" aria-roledescription=\"slide\" aria-label=\"4 din 5\"><a data-elementor-open-lightbox=\"yes\" data-elementor-lightbox-slideshow=\"64824a1\" data-elementor-lightbox-title=\"113182300000-min\" data-e-action-hash=\"#elementor-action%3Aaction%3Dlightbox%26settings%3DeyJpZCI6MTE3MCwidXJsIjoiaHR0cHM6XC9cL3d3dy5zaXZlbGVjdHJvLnJvXC93cC1jb250ZW50XC91cGxvYWRzXC8yMDIzXC8wN1wvMTEzMTgyMzAwMDAwLW1pbi5qcGVnIiwic2xpZGVzaG93IjoiNjQ4MjRhMSJ9\" href=\"https:\/\/www.sivelectro.ro\/wp-content\/uploads\/2023\/07\/113182300000-min.jpeg\"><figure class=\"swiper-slide-inner\"><img decoding=\"async\" class=\"swiper-slide-image\" src=\"https:\/\/www.sivelectro.ro\/wp-content\/uploads\/2023\/07\/113182300000-min.jpeg\" alt=\"113182300000-min\" \/><\/figure><\/a><\/div><div class=\"swiper-slide\" role=\"group\" aria-roledescription=\"slide\" aria-label=\"5 din 5\"><a data-elementor-open-lightbox=\"yes\" data-elementor-lightbox-slideshow=\"64824a1\" data-elementor-lightbox-title=\"1101-min\" data-e-action-hash=\"#elementor-action%3Aaction%3Dlightbox%26settings%3DeyJpZCI6MTE3MSwidXJsIjoiaHR0cHM6XC9cL3d3dy5zaXZlbGVjdHJvLnJvXC93cC1jb250ZW50XC91cGxvYWRzXC8yMDIzXC8wN1wvMTEwMS1taW4uanBlZyIsInNsaWRlc2hvdyI6IjY0ODI0YTEifQ%3D%3D\" href=\"https:\/\/www.sivelectro.ro\/wp-content\/uploads\/2023\/07\/1101-min.jpeg\"><figure class=\"swiper-slide-inner\"><img decoding=\"async\" class=\"swiper-slide-image\" src=\"https:\/\/www.sivelectro.ro\/wp-content\/uploads\/2023\/07\/1101-min.jpeg\" alt=\"1101-min\" \/><\/figure><\/a><\/div>\t\t\t<\/div>\n\t\t\t\t\t\t\t\t\t\t\t\t<div class=\"elementor-swiper-button elementor-swiper-button-prev\" role=\"button\" tabindex=\"0\">\n\t\t\t\t\t\t<i aria-hidden=\"true\" class=\"eicon-chevron-left\"><\/i>\t\t\t\t\t<\/div>\n\t\t\t\t\t<div class=\"elementor-swiper-button elementor-swiper-button-next\" role=\"button\" tabindex=\"0\">\n\t\t\t\t\t\t<i aria-hidden=\"true\" class=\"eicon-chevron-right\"><\/i>\t\t\t\t\t<\/div>\n\t\t\t\t\n\t\t\t\t\t\t\t\t\t<div class=\"swiper-pagination\"><\/div>\n\t\t\t\t\t\t\t\t\t<\/div>\n\t\t\t\t\t\t<\/div>\n\t\t\t\t<\/div>\n\t\t\t\t\t<\/div>\n\t\t<\/div>\n\t\t\t\t<div class=\"elementor-column elementor-col-50 elementor-top-column elementor-element elementor-element-03cdc0f\" data-id=\"03cdc0f\" data-element_type=\"column\" data-e-type=\"column\">\n\t\t\t<div class=\"elementor-widget-wrap elementor-element-populated\">\n\t\t\t\t\t\t<div class=\"elementor-element elementor-element-43911a6 elementor-widget elementor-widget-heading\" data-id=\"43911a6\" data-element_type=\"widget\" data-e-type=\"widget\" data-widget_type=\"heading.default\">\n\t\t\t\t<div class=\"elementor-widget-container\">\n\t\t\t\t\t<h6 class=\"elementor-heading-title elementor-size-default\">Finder<\/h6>\t\t\t\t<\/div>\n\t\t\t\t<\/div>\n\t\t\t\t<div class=\"elementor-element elementor-element-578e442 elementor-widget elementor-widget-heading\" data-id=\"578e442\" data-element_type=\"widget\" data-e-type=\"widget\" data-widget_type=\"heading.default\">\n\t\t\t\t<div class=\"elementor-widget-container\">\n\t\t\t\t\t<h2 class=\"elementor-heading-title elementor-size-default\">Relays for residential and commercial applications<\/h2>\t\t\t\t<\/div>\n\t\t\t\t<\/div>\n\t\t\t\t<div class=\"elementor-element elementor-element-32aa084 elementor-widget elementor-widget-text-editor\" data-id=\"32aa084\" data-element_type=\"widget\" data-e-type=\"widget\" data-widget_type=\"text-editor.default\">\n\t\t\t\t<div class=\"elementor-widget-container\">\n\t\t\t\t\t\t\t\t\t<b>Lighting: <\/b>\n<ul>\n  <li>twilight relays: series 10 and 11;<\/li>\n  <li>programmable clocks: series 12;<\/li>\n  <li>multifunctional electronic scale machines: series 14;<\/li>\n  <li>dimmers: series 15;<\/li>\n  <li>step by step relays: series 13, 20, 26 and 27;<\/li>\n  <li>modular contactors: series 22;<\/li>\n  <li>emergency lamps: 1L series;<\/li>\n  <li>time relays: series 80, 81, 83, 84 and 85;<\/li>\n  <li>motion and presence sensors: series 18.<\/li>\n<\/ul>\n\n<b>Temperature:<\/b>\n<ul>\n<li>programmable room thermostats: 1C series and 1T series.<\/li>\n<\/ul>\n\n<b>Energy:<\/b>\n<ul>\n<li>programmable clocks: series 12;<\/li>\n<li>energy meters: 7E series, 7M series;<\/li>\n<li>surge protection devices (SPD): 7P series;<\/li>\n<li>power sources: series 78;<\/li>\n<li>modular contactors: series 22;<\/li>\n<li>time relays: series 80, 81, 83, 84 and 85.<\/li>\n<\/ul>\n\n\t\t\t\t\t\t\t\t<\/div>\n\t\t\t\t<\/div>\n\t\t\t\t\t<\/div>\n\t\t<\/div>\n\t\t\t\t\t<\/div>\n\t\t<\/section>\n\t\t\t\t<section class=\"elementor-section elementor-top-section elementor-element elementor-element-e9a5f06 elementor-section-boxed elementor-section-height-default elementor-section-height-default\" data-id=\"e9a5f06\" data-element_type=\"section\" data-e-type=\"section\">\n\t\t\t\t\t\t<div class=\"elementor-container elementor-column-gap-default\">\n\t\t\t\t\t<div class=\"elementor-column elementor-col-100 elementor-top-column elementor-element elementor-element-ea52ad1\" data-id=\"ea52ad1\" data-element_type=\"column\" data-e-type=\"column\">\n\t\t\t<div class=\"elementor-widget-wrap elementor-element-populated\">\n\t\t\t\t\t\t<div class=\"elementor-element elementor-element-1e2efdc elementor-align-center elementor-widget elementor-widget-button\" data-id=\"1e2efdc\" data-element_type=\"widget\" data-e-type=\"widget\" data-widget_type=\"button.default\">\n\t\t\t\t<div class=\"elementor-widget-container\">\n\t\t\t\t\t\t\t\t\t<div class=\"elementor-button-wrapper\">\n\t\t\t\t\t<a class=\"elementor-button elementor-button-link elementor-size-lg\" href=\"\/wp-content\/uploads\/2023\/07\/Catalog_RO_compressed.pdf\" target=\"_blank\" rel=\"nofollow\">\n\t\t\t\t\t\t<span class=\"elementor-button-content-wrapper\">\n\t\t\t\t\t\t\t\t\t<span class=\"elementor-button-text\">DOWNLOAD CATALOG<\/span>\n\t\t\t\t\t<\/span>\n\t\t\t\t\t<\/a>\n\t\t\t\t<\/div>\n\t\t\t\t\t\t\t\t<\/div>\n\t\t\t\t<\/div>\n\t\t\t\t\t<\/div>\n\t\t<\/div>\n\t\t\t\t\t<\/div>\n\t\t<\/section>\n\t\t\t\t<\/div>","protected":false},"excerpt":{"rendered":"<p>TEHNOLOGIE AVANSAT\u0102 \u00ceNCEP\u00c2ND CU 1954 Succesul Finder este \u00eenr\u0103d\u0103cinat \u00een istoria sa &#8211; de la brevetul releului pas cu pas modern, p\u00e2n\u0103 la lansarea gamei YESLY, sistemul inovator dedicat confortului locuin\u021belor.Finder a fost fondat \u00een 1954 \u0219i livreaz\u0103 ast\u0103zi o gam\u0103 larg\u0103 de componente electronice \u0219i electromecanice sectoarelor reziden\u021biale, comerciale \u0219i industriale din \u00eentreaga lume. [&hellip;]<\/p>\n","protected":false},"author":1,"featured_media":0,"parent":385,"menu_order":0,"comment_status":"closed","ping_status":"closed","template":"","meta":{"footnotes":""},"class_list":["post-1159","page","type-page","status-publish","hentry"],"_links":{"self":[{"href":"https:\/\/www.sivelectro.ro\/en\/wp-json\/wp\/v2\/pages\/1159","targetHints":{"allow":["GET"]}}],"collection":[{"href":"https:\/\/www.sivelectro.ro\/en\/wp-json\/wp\/v2\/pages"}],"about":[{"href":"https:\/\/www.sivelectro.ro\/en\/wp-json\/wp\/v2\/types\/page"}],"author":[{"embeddable":true,"href":"https:\/\/www.sivelectro.ro\/en\/wp-json\/wp\/v2\/users\/1"}],"replies":[{"embeddable":true,"href":"https:\/\/www.sivelectro.ro\/en\/wp-json\/wp\/v2\/comments?post=1159"}],"version-history":[{"count":16,"href":"https:\/\/www.sivelectro.ro\/en\/wp-json\/wp\/v2\/pages\/1159\/revisions"}],"predecessor-version":[{"id":1618,"href":"https:\/\/www.sivelectro.ro\/en\/wp-json\/wp\/v2\/pages\/1159\/revisions\/1618"}],"up":[{"embeddable":true,"href":"https:\/\/www.sivelectro.ro\/en\/wp-json\/wp\/v2\/pages\/385"}],"wp:attachment":[{"href":"https:\/\/www.sivelectro.ro\/en\/wp-json\/wp\/v2\/media?parent=1159"}],"curies":[{"name":"wp","href":"https:\/\/api.w.org\/{rel}","templated":true}]}}