{"id":1026,"date":"2023-06-27T07:29:28","date_gmt":"2023-06-27T07:29:28","guid":{"rendered":"https:\/\/siv.agentweb.ro\/?page_id=1026"},"modified":"2023-08-11T08:53:10","modified_gmt":"2023-08-11T08:53:10","slug":"despre-noi","status":"publish","type":"page","link":"https:\/\/www.sivelectro.ro\/en\/despre-noi\/","title":{"rendered":"About Us"},"content":{"rendered":"<div data-elementor-type=\"wp-page\" data-elementor-id=\"1026\" class=\"elementor elementor-1026\">\n\t\t\t\t\t\t<section class=\"elementor-section elementor-top-section elementor-element elementor-element-3b8321b1 elementor-section-boxed elementor-section-height-default elementor-section-height-default\" data-id=\"3b8321b1\" data-element_type=\"section\" data-e-type=\"section\" data-settings=\"{&quot;background_background&quot;:&quot;classic&quot;}\">\n\t\t\t\t\t\t<div class=\"elementor-container elementor-column-gap-default\">\n\t\t\t\t\t<div class=\"elementor-column elementor-col-100 elementor-top-column elementor-element elementor-element-6de7d3a2\" data-id=\"6de7d3a2\" data-element_type=\"column\" data-e-type=\"column\">\n\t\t\t<div class=\"elementor-widget-wrap elementor-element-populated\">\n\t\t\t\t\t\t<div class=\"elementor-element elementor-element-71acfc5f elementor-widget elementor-widget-heading\" data-id=\"71acfc5f\" data-element_type=\"widget\" data-e-type=\"widget\" data-widget_type=\"heading.default\">\n\t\t\t\t<div class=\"elementor-widget-container\">\n\t\t\t\t\t<h1 class=\"elementor-heading-title elementor-size-default\">About Us<\/h1>\t\t\t\t<\/div>\n\t\t\t\t<\/div>\n\t\t\t\t<div class=\"elementor-element elementor-element-28b74aa1 elementor-widget elementor-widget-heading\" data-id=\"28b74aa1\" data-element_type=\"widget\" data-e-type=\"widget\" data-widget_type=\"heading.default\">\n\t\t\t\t<div class=\"elementor-widget-container\">\n\t\t\t\t\t<h3 class=\"elementor-heading-title elementor-size-default\">The power of knolwedge<\/h3>\t\t\t\t<\/div>\n\t\t\t\t<\/div>\n\t\t\t\t\t<\/div>\n\t\t<\/div>\n\t\t\t\t\t<\/div>\n\t\t<\/section>\n\t\t\t\t<section class=\"elementor-section elementor-top-section elementor-element elementor-element-2a9c9f5f elementor-section-boxed elementor-section-height-default elementor-section-height-default\" data-id=\"2a9c9f5f\" data-element_type=\"section\" data-e-type=\"section\">\n\t\t\t\t\t\t<div class=\"elementor-container elementor-column-gap-default\">\n\t\t\t\t\t<div class=\"elementor-column elementor-col-100 elementor-top-column elementor-element elementor-element-2beb4bb1\" data-id=\"2beb4bb1\" data-element_type=\"column\" data-e-type=\"column\" data-settings=\"{&quot;background_background&quot;:&quot;classic&quot;}\">\n\t\t\t<div class=\"elementor-widget-wrap elementor-element-populated\">\n\t\t\t\t\t\t<div class=\"elementor-element elementor-element-19308ae elementor-widget elementor-widget-text-editor\" data-id=\"19308ae\" data-element_type=\"widget\" data-e-type=\"widget\" data-widget_type=\"text-editor.default\">\n\t\t\t\t<div class=\"elementor-widget-container\">\n\t\t\t\t\t\t\t\t\t<p class=\"translation-block\">Welcome to <strong>SIV ELECTRO<\/strong> company, founded by two experienced and forward-thinking engineers who are passionate about making a difference. As a dynamic team, we are always ready to go the extra mile in order to assist and support our valued customers.<\/p><p>At our core, we believe in offering more than just electrical components. Our aim is to provide comprehensive solutions that not only meet your requirements but also exceed your expectations. We understand that each project is unique, and we take pride in our ability to propose innovative and tailored solutions to address your specific needs.\u00a0<\/p><p>With a blend of technical expertise and a customer-centric approach, we strive to build lasting partnerships with our clients. We are dedicated to understanding your challenges, collaborating closely with you, and offering personalised guidance throughout the entire process. Your success is our priority, and we are committed to providing the highest level of service and support.\u00a0<\/p><p>In addition to our extensive product range, we offer a wealth of knowledge and experience in various engineering disciplines. Whether it's designing efficient systems, optimising processes, or implementing cutting-edge technologies, we are well-equipped to tackle even the most complex projects.<\/p><p>We take great pride in our ability to deliver results that not only meet industry standards but also push the boundaries of innovation. Our team is constantly staying updated with the latest advancements in the field, ensuring that you have access to the most advanced and reliable solutions available.<\/p><p>We invite you to explore our services and discover how our engineering expertise can transform your ideas into reality. Contact us today and let us embark on a journey of collaboration, excellence, and success together.<\/p>\t\t\t\t\t\t\t\t<\/div>\n\t\t\t\t<\/div>\n\t\t\t\t\t<\/div>\n\t\t<\/div>\n\t\t\t\t\t<\/div>\n\t\t<\/section>\n\t\t\t\t<\/div>","protected":false},"excerpt":{"rendered":"<p>Despre noi The power of knolwedge Bine a\u021bi venit la SIV ELECTRO, companie fondat\u0103 de doi ingineri cu experien\u021b\u0103, pasiona\u021bi s\u0103 fac\u0103 diferen\u021ba. Suntem o echip\u0103 dinamic\u0103, \u00eentotdeauna gata s\u0103 facem eforturi suplimentare pentru a asista \u0219i sus\u021bine clien\u021bii no\u0219tri valoro\u0219i. Ne dorim s\u0103 oferim mai mult dec\u00e2t echipamente electrice. Scopul nostru este de a [&hellip;]<\/p>\n","protected":false},"author":1,"featured_media":0,"parent":0,"menu_order":0,"comment_status":"closed","ping_status":"closed","template":"","meta":{"footnotes":""},"class_list":["post-1026","page","type-page","status-publish","hentry"],"_links":{"self":[{"href":"https:\/\/www.sivelectro.ro\/en\/wp-json\/wp\/v2\/pages\/1026","targetHints":{"allow":["GET"]}}],"collection":[{"href":"https:\/\/www.sivelectro.ro\/en\/wp-json\/wp\/v2\/pages"}],"about":[{"href":"https:\/\/www.sivelectro.ro\/en\/wp-json\/wp\/v2\/types\/page"}],"author":[{"embeddable":true,"href":"https:\/\/www.sivelectro.ro\/en\/wp-json\/wp\/v2\/users\/1"}],"replies":[{"embeddable":true,"href":"https:\/\/www.sivelectro.ro\/en\/wp-json\/wp\/v2\/comments?post=1026"}],"version-history":[{"count":16,"href":"https:\/\/www.sivelectro.ro\/en\/wp-json\/wp\/v2\/pages\/1026\/revisions"}],"predecessor-version":[{"id":1775,"href":"https:\/\/www.sivelectro.ro\/en\/wp-json\/wp\/v2\/pages\/1026\/revisions\/1775"}],"wp:attachment":[{"href":"https:\/\/www.sivelectro.ro\/en\/wp-json\/wp\/v2\/media?parent=1026"}],"curies":[{"name":"wp","href":"https:\/\/api.w.org\/{rel}","templated":true}]}}